{"id":158729,"date":"2025-12-01T23:49:13","date_gmt":"2025-12-01T20:49:13","guid":{"rendered":"https:\/\/samama.qa\/product\/vicky-double-bridge-business-computer-anti-blue-light-reading-glasses-mens-large-frame-customizable-myopia-prescription-6908\/"},"modified":"2026-02-20T02:13:55","modified_gmt":"2026-02-19T23:13:55","slug":"vicky-double-bridge-business-computer-anti-blue-light-reading-glasses-mens-large-frame-customizable-myopia-prescription-6908","status":"publish","type":"product","link":"https:\/\/samama.qa\/en\/product\/vicky-double-bridge-business-computer-anti-blue-light-reading-glasses-mens-large-frame-customizable-myopia-prescription-6908\/","title":{"rendered":"VICKY Double Bridge Business Computer Anti-blue Light Reading Glasses Men&#8217;s Large Frame Customizable Myopia Prescription 6908"},"content":{"rendered":"<div class=\"product-specs-list-container\">\n<ul class=\"product-specs-list util-clearfix\">\n<li class=\"product-prop line-limit-length\"><span class=\"property-title\">High-concerned chemical:&nbsp;<\/span><span class=\"property-desc line-limit-length\">None<\/span>\n                            <\/li>\n<li class=\"product-prop line-limit-length\"><span class=\"property-title\">Element type:&nbsp;<\/span><span class=\"property-desc line-limit-length\">Basic Classic<\/span>\n                            <\/li>\n<li class=\"product-prop line-limit-length\"><span class=\"property-title\">Applicable Scenarios:&nbsp;<\/span><span class=\"property-desc line-limit-length\">Casual<\/span>\n                            <\/li>\n<li class=\"product-prop line-limit-length\"><span class=\"property-title\">Product Type:&nbsp;<\/span><span class=\"property-desc line-limit-length\">Regular reading glasses<\/span>\n                            <\/li>\n<li class=\"product-prop line-limit-length\"><span class=\"property-title\">Style type:&nbsp;<\/span><span class=\"property-desc line-limit-length\">Square<\/span>\n                            <\/li>\n<li class=\"product-prop line-limit-length\"><span class=\"property-title\">Model Number:&nbsp;<\/span><span class=\"property-desc line-limit-length\">6908<\/span>\n                            <\/li>\n<li class=\"product-prop line-limit-length\"><span class=\"property-title\">Lens Width:&nbsp;<\/span><span class=\"property-desc line-limit-length\">5.5cm<\/span>\n                            <\/li>\n<li class=\"product-prop line-limit-length\"><span class=\"property-title\">Lens Height:&nbsp;<\/span><span class=\"property-desc line-limit-length\">4.3cm<\/span>\n                            <\/li>\n<li class=\"product-prop line-limit-length\"><span class=\"property-title\">Coating:&nbsp;<\/span><span class=\"property-desc line-limit-length\">HMC<\/span>\n                            <\/li>\n<li class=\"product-prop line-limit-length\"><span class=\"property-title\">Lenses Material:&nbsp;<\/span><span class=\"property-desc line-limit-length\">CR-39<\/span>\n                            <\/li>\n<li class=\"product-prop line-limit-length\"><span class=\"property-title\">Lenses Color:&nbsp;<\/span><span class=\"property-desc line-limit-length\">Clear<\/span>\n                            <\/li>\n<li class=\"product-prop line-limit-length\"><span class=\"property-title\">Gender:&nbsp;<\/span><span class=\"property-desc line-limit-length\">Women,Men,Unisex<\/span>\n                            <\/li>\n<li class=\"product-prop line-limit-length\"><span class=\"property-title\">Brand Name:&nbsp;<\/span><span class=\"property-desc line-limit-length\">vicky<\/span>\n                            <\/li>\n<li class=\"product-prop line-limit-length\"><span class=\"property-title\">Origin:&nbsp;<\/span><span class=\"property-desc line-limit-length\">Mainland China<\/span>\n                            <\/li>\n<li class=\"product-prop line-limit-length\"><span class=\"property-title\">Certification:&nbsp;<\/span><span class=\"property-desc line-limit-length\">CE<\/span>\n                            <\/li>\n<li class=\"product-prop line-limit-length\"><span class=\"property-title\">Item Type:&nbsp;<\/span><span class=\"property-desc line-limit-length\">EYEWEAR<\/span>\n                            <\/li>\n<li class=\"product-prop line-limit-length\"><span class=\"property-title\">Eyewear Type:&nbsp;<\/span><span class=\"property-desc line-limit-length\">Reading glasses<\/span>\n                            <\/li>\n<\/ul><\/div>\n<div class=\"detailmodule_html\">\n<div class=\"detail-desc-decorate-richtext\">\n<p style=\"text-align: left;margin:0\"><img decoding=\"async\" src=\"https:\/\/samama.qa\/wp-content\/uploads\/2025\/12\/kf-Sfd77890bc26146c09414df0e9cf94310O.webp?width=790&amp;height=1026&amp;hash=1816\" style=\"width:960px\"><img decoding=\"async\" src=\"https:\/\/samama.qa\/wp-content\/uploads\/2025\/12\/kf-Sc710fa15a59b43b2845cab521189180dn.webp?width=790&amp;height=679&amp;hash=1469\" style=\"width:960px\"><img decoding=\"async\" src=\"https:\/\/samama.qa\/wp-content\/uploads\/2025\/12\/kf-Se45b138ddb9c4a899b760f3ea4e61e45c.webp?width=790&amp;height=949&amp;hash=1739\" style=\"width:960px\"><img decoding=\"async\" src=\"https:\/\/samama.qa\/wp-content\/uploads\/2025\/12\/kf-S4a018ecd936c440498e87e9d0639576fx.webp?width=790&amp;height=948&amp;hash=1738\" style=\"width:960px\"><img decoding=\"async\" src=\"https:\/\/samama.qa\/wp-content\/uploads\/2025\/12\/kf-S5a586b82648d44628e6a2e02bd2d9ed96.webp?width=790&amp;height=1114&amp;hash=1904\" style=\"width:960px\"><img decoding=\"async\" src=\"https:\/\/samama.qa\/wp-content\/uploads\/2025\/12\/kf-S5690a4505db1426abbf59d02df94d092y.webp?width=790&amp;height=1250&amp;hash=2040\" style=\"width:960px\"><img decoding=\"async\" src=\"https:\/\/samama.qa\/wp-content\/uploads\/2025\/12\/kf-Sdb320db3b1554659a91a8dcbe60fa94cL.webp?width=790&amp;height=790&amp;hash=1580\" style=\"width:960px\"><img decoding=\"async\" src=\"https:\/\/samama.qa\/wp-content\/uploads\/2025\/12\/kf-Se741dc6c33b74e35bb0c1ad760a85f28T.webp?width=790&amp;height=748&amp;hash=1538\" style=\"width:960px\"><img decoding=\"async\" src=\"https:\/\/samama.qa\/wp-content\/uploads\/2025\/12\/kf-Sbfb22773f6e14c78ab203e9bf49133b89.webp?width=790&amp;height=868&amp;hash=1658\" style=\"width:960px\"><img decoding=\"async\" src=\"https:\/\/samama.qa\/wp-content\/uploads\/2025\/12\/kf-S63926deff8ad437e9edf6b7d0705edcf7.webp?width=790&amp;height=830&amp;hash=1620\" style=\"width:960px\"><img decoding=\"async\" src=\"https:\/\/samama.qa\/wp-content\/uploads\/2025\/12\/kf-Sa0e900d3b2df4b2a80440de923b26cf8Y.webp?width=790&amp;height=877&amp;hash=1667\" style=\"width:960px\"><img decoding=\"async\" src=\"https:\/\/samama.qa\/wp-content\/uploads\/2025\/12\/kf-Sef45533f38ea40c188224f00fbaf06aeR.webp?width=790&amp;height=861&amp;hash=1651\" style=\"width:960px\"><img decoding=\"async\" src=\"https:\/\/samama.qa\/wp-content\/uploads\/2025\/12\/kf-S0e03d0441c7b4abfb2954d20d89eda1bn.webp?width=790&amp;height=1179&amp;hash=1969\" style=\"width:960px\"><img decoding=\"async\" src=\"https:\/\/samama.qa\/wp-content\/uploads\/2025\/12\/kf-S75643205c83b4caea0a1b46aeae2ebeeE.webp?width=790&amp;height=1024&amp;hash=1814\" style=\"width:960px\"><img decoding=\"async\" src=\"https:\/\/samama.qa\/wp-content\/uploads\/2025\/12\/kf-Se3419458a18a4c0aab36ff04774fc077m.webp?width=790&amp;height=1026&amp;hash=1816\" style=\"width:960px\"><img decoding=\"async\" src=\"https:\/\/samama.qa\/wp-content\/uploads\/2025\/12\/kf-S530ffd9355d54216b8665c9763c73949Q.webp?width=790&amp;height=1027&amp;hash=1817\" style=\"width:960px\"><img decoding=\"async\" src=\"https:\/\/samama.qa\/wp-content\/uploads\/2025\/12\/kf-Sc5d13147cb2e4f46a576bb77a8fc9ad1O.webp?width=790&amp;height=1028&amp;hash=1818\" style=\"width:960px\"><br \/>\n<span><span id=\"tl_1\" style=\"margin: 0px;padding: 0px;max-width: 100%\">Explicaci\u00f3n de las lentes:<\/span><\/span><span><\/span><br \/>\n<span><\/span><span><\/span><span id=\"tl_2\">La personalizaci\u00f3n de la prescripci\u00f3n no incluye gafas de sol de alta prescripci\u00f3n fotocrom\u00e1ticas, multifocales, graduadas<\/span><span><\/span><span><\/span><span><\/span><br \/>\n<span id=\"tl_3\">CILINDRO: + 2,00 ~ + 4,00 o CIL:-2,00 ~-4,00 Costos extra 10 USD.(A\u00d1ADIR 10 $)<br \/>\nCILINDRO: + 2,00 ~ + 4,00 o CIL:-400 + Costos extra 10 USD.(ADD20 $)<\/span><span>&nbsp; &nbsp;<\/span><\/p>\n<\/div>\n<\/div>","protected":false},"excerpt":{"rendered":"<p>High-concerned chemical:&nbsp;None Element type:&nbsp;Basic Classic Applicable Scenarios:&nbsp;Casual Product Type:&nbsp;Regular reading glasses Style type:&nbsp;Square Model Number:&nbsp;6908 Lens Width:&nbsp;5.5cm Lens Height:&nbsp;4.3cm Coating:&nbsp;HMC [&hellip;]<\/p>\n","protected":false},"featured_media":158731,"comment_status":"open","ping_status":"closed","template":"","meta":{"_acf_changed":false,"site-sidebar-layout":"default","site-content-layout":"","ast-site-content-layout":"default","site-content-style":"default","site-sidebar-style":"default","ast-global-header-display":"","ast-banner-title-visibility":"","ast-main-header-display":"","ast-hfb-above-header-display":"","ast-hfb-below-header-display":"","ast-hfb-mobile-header-display":"","site-post-title":"","ast-breadcrumbs-content":"","ast-featured-img":"","footer-sml-layout":"","ast-disable-related-posts":"","theme-transparent-header-meta":"","adv-header-id-meta":"","stick-header-meta":"","header-above-stick-meta":"","header-main-stick-meta":"","header-below-stick-meta":"","astra-migrate-meta-layouts":"default","ast-page-background-enabled":"default","ast-page-background-meta":{"desktop":{"background-color":"var(--ast-global-color-4)","background-image":"","background-repeat":"repeat","background-position":"center center","background-size":"auto","background-attachment":"scroll","background-type":"","background-media":"","overlay-type":"","overlay-color":"","overlay-opacity":"","overlay-gradient":""},"tablet":{"background-color":"","background-image":"","background-repeat":"repeat","background-position":"center center","background-size":"auto","background-attachment":"scroll","background-type":"","background-media":"","overlay-type":"","overlay-color":"","overlay-opacity":"","overlay-gradient":""},"mobile":{"background-color":"","background-image":"","background-repeat":"repeat","background-position":"center center","background-size":"auto","background-attachment":"scroll","background-type":"","background-media":"","overlay-type":"","overlay-color":"","overlay-opacity":"","overlay-gradient":""}},"ast-content-background-meta":{"desktop":{"background-color":"var(--ast-global-color-5)","background-image":"","background-repeat":"repeat","background-position":"center center","background-size":"auto","background-attachment":"scroll","background-type":"","background-media":"","overlay-type":"","overlay-color":"","overlay-opacity":"","overlay-gradient":""},"tablet":{"background-color":"var(--ast-global-color-5)","background-image":"","background-repeat":"repeat","background-position":"center center","background-size":"auto","background-attachment":"scroll","background-type":"","background-media":"","overlay-type":"","overlay-color":"","overlay-opacity":"","overlay-gradient":""},"mobile":{"background-color":"var(--ast-global-color-5)","background-image":"","background-repeat":"repeat","background-position":"center center","background-size":"auto","background-attachment":"scroll","background-type":"","background-media":"","overlay-type":"","overlay-color":"","overlay-opacity":"","overlay-gradient":""}}},"product_brand":[],"product_cat":[34194],"product_tag":[37740],"class_list":{"0":"post-158729","1":"product","2":"type-product","3":"status-publish","4":"has-post-thumbnail","6":"product_cat-men-glasses","7":"product_tag-37740","8":"product_shipping_class-from-china","9":"desktop-align-left","10":"tablet-align-left","11":"mobile-align-left","13":"first","14":"instock","15":"taxable","16":"shipping-taxable","17":"purchasable","18":"product-type-variable","19":"has-default-attributes"},"acf":[],"pure_taxonomies":{"product_cat":[{"term_id":34194,"name":"\u0646\u0638\u0627\u0631\u0627\u062a \u0631\u062c\u0627\u0644","slug":"men-glasses","term_group":0,"term_taxonomy_id":34194,"taxonomy":"product_cat","description":"","parent":34193,"count":106,"filter":"raw","image":""}],"product_tag":[{"term_id":37740,"name":"\u0646\u0638\u0627\u0631\u0627\u062a \u0631\u062c\u0627\u0644","slug":"%d9%86%d8%b8%d8%a7%d8%b1%d8%a7%d8%aa-%d8%b1%d8%ac%d8%a7%d9%84","term_group":0,"term_taxonomy_id":37740,"taxonomy":"product_tag","description":"","parent":0,"count":88,"filter":"raw","image":""}],"product_shipping_class":[{"term_id":30566,"name":"From China","slug":"from-china","term_group":0,"term_taxonomy_id":30566,"taxonomy":"product_shipping_class","description":"Orders from China","parent":0,"count":4261,"filter":"raw","image":""}]},"yoast_head":"<!-- This site is optimized with the Yoast SEO plugin v27.4 - https:\/\/yoast.com\/product\/yoast-seo-wordpress\/ -->\n<title>VICKY Double Bridge Business Computer Anti-blue Light Reading Glasses Men&#039;s Large Frame Customizable Myopia Prescription 6908 - Samama<\/title>\n<meta name=\"robots\" content=\"index, follow, max-snippet:-1, max-image-preview:large, max-video-preview:-1\" \/>\n<link rel=\"canonical\" href=\"https:\/\/samama.qa\/en\/product\/vicky-double-bridge-business-computer-anti-blue-light-reading-glasses-mens-large-frame-customizable-myopia-prescription-6908\/\" \/>\n<meta property=\"og:locale\" content=\"en_US\" \/>\n<meta property=\"og:type\" content=\"article\" \/>\n<meta property=\"og:title\" content=\"VICKY Double Bridge Business Computer Anti-blue Light Reading Glasses Men&#039;s Large Frame Customizable Myopia Prescription 6908 - Samama\" \/>\n<meta property=\"og:description\" content=\"High-concerned chemical:&nbsp;None Element type:&nbsp;Basic Classic Applicable Scenarios:&nbsp;Casual Product Type:&nbsp;Regular reading glasses Style type:&nbsp;Square Model Number:&nbsp;6908 Lens Width:&nbsp;5.5cm Lens Height:&nbsp;4.3cm Coating:&nbsp;HMC [&hellip;]\" \/>\n<meta property=\"og:url\" content=\"https:\/\/samama.qa\/en\/product\/vicky-double-bridge-business-computer-anti-blue-light-reading-glasses-mens-large-frame-customizable-myopia-prescription-6908\/\" \/>\n<meta property=\"og:site_name\" content=\"Samama\" \/>\n<meta property=\"article:publisher\" content=\"https:\/\/www.facebook.com\/profile.php?id=61581991096477\" \/>\n<meta property=\"article:modified_time\" content=\"2026-02-19T23:13:55+00:00\" \/>\n<meta property=\"og:image\" content=\"http:\/\/samama.qa\/wp-content\/uploads\/2025\/12\/kf-S33de29e9946d43e8a8521e480ddcc5d5q.webp\" \/>\n\t<meta property=\"og:image:width\" content=\"800\" \/>\n\t<meta property=\"og:image:height\" content=\"800\" \/>\n\t<meta property=\"og:image:type\" content=\"image\/webp\" \/>\n<meta name=\"twitter:card\" content=\"summary_large_image\" \/>\n<meta name=\"twitter:label1\" content=\"Est. reading time\" \/>\n\t<meta name=\"twitter:data1\" content=\"1 minute\" \/>\n<script type=\"application\/ld+json\" class=\"yoast-schema-graph\">{\"@context\":\"https:\\\/\\\/schema.org\",\"@graph\":[{\"@type\":\"WebPage\",\"@id\":\"https:\\\/\\\/samama.qa\\\/product\\\/vicky-double-bridge-business-computer-anti-blue-light-reading-glasses-mens-large-frame-customizable-myopia-prescription-6908\\\/\",\"url\":\"https:\\\/\\\/samama.qa\\\/product\\\/vicky-double-bridge-business-computer-anti-blue-light-reading-glasses-mens-large-frame-customizable-myopia-prescription-6908\\\/\",\"name\":\"VICKY Double Bridge Business Computer Anti-blue Light Reading Glasses Men's Large Frame Customizable Myopia Prescription 6908 - Samama\",\"isPartOf\":{\"@id\":\"https:\\\/\\\/samama.qa\\\/#website\"},\"primaryImageOfPage\":{\"@id\":\"https:\\\/\\\/samama.qa\\\/product\\\/vicky-double-bridge-business-computer-anti-blue-light-reading-glasses-mens-large-frame-customizable-myopia-prescription-6908\\\/#primaryimage\"},\"image\":{\"@id\":\"https:\\\/\\\/samama.qa\\\/product\\\/vicky-double-bridge-business-computer-anti-blue-light-reading-glasses-mens-large-frame-customizable-myopia-prescription-6908\\\/#primaryimage\"},\"thumbnailUrl\":\"https:\\\/\\\/samama.qa\\\/wp-content\\\/uploads\\\/2025\\\/12\\\/kf-S33de29e9946d43e8a8521e480ddcc5d5q.webp\",\"datePublished\":\"2025-12-01T20:49:13+00:00\",\"dateModified\":\"2026-02-19T23:13:55+00:00\",\"breadcrumb\":{\"@id\":\"https:\\\/\\\/samama.qa\\\/product\\\/vicky-double-bridge-business-computer-anti-blue-light-reading-glasses-mens-large-frame-customizable-myopia-prescription-6908\\\/#breadcrumb\"},\"inLanguage\":\"en-US\",\"potentialAction\":[{\"@type\":\"ReadAction\",\"target\":[\"https:\\\/\\\/samama.qa\\\/product\\\/vicky-double-bridge-business-computer-anti-blue-light-reading-glasses-mens-large-frame-customizable-myopia-prescription-6908\\\/\"]}]},{\"@type\":\"ImageObject\",\"inLanguage\":\"en-US\",\"@id\":\"https:\\\/\\\/samama.qa\\\/product\\\/vicky-double-bridge-business-computer-anti-blue-light-reading-glasses-mens-large-frame-customizable-myopia-prescription-6908\\\/#primaryimage\",\"url\":\"https:\\\/\\\/samama.qa\\\/wp-content\\\/uploads\\\/2025\\\/12\\\/kf-S33de29e9946d43e8a8521e480ddcc5d5q.webp\",\"contentUrl\":\"https:\\\/\\\/samama.qa\\\/wp-content\\\/uploads\\\/2025\\\/12\\\/kf-S33de29e9946d43e8a8521e480ddcc5d5q.webp\",\"width\":800,\"height\":800},{\"@type\":\"BreadcrumbList\",\"@id\":\"https:\\\/\\\/samama.qa\\\/product\\\/vicky-double-bridge-business-computer-anti-blue-light-reading-glasses-mens-large-frame-customizable-myopia-prescription-6908\\\/#breadcrumb\",\"itemListElement\":[{\"@type\":\"ListItem\",\"position\":1,\"name\":\"Home\",\"item\":\"https:\\\/\\\/samama.qa\\\/\"},{\"@type\":\"ListItem\",\"position\":2,\"name\":\"\u0627\u0644\u0645\u062a\u062c\u0631\",\"item\":\"https:\\\/\\\/samama.qa\\\/en\\\/shop\\\/\"},{\"@type\":\"ListItem\",\"position\":3,\"name\":\"VICKY Double Bridge Business Computer Anti-blue Light Reading Glasses Men&#8217;s Large Frame Customizable Myopia Prescription 6908\"}]},{\"@type\":\"WebSite\",\"@id\":\"https:\\\/\\\/samama.qa\\\/#website\",\"url\":\"https:\\\/\\\/samama.qa\\\/\",\"name\":\"Samama\",\"description\":\"&quot;\u0648\u062c\u0647\u062a\u0643 \u0644\u0643\u0644 \u0645\u0627 \u064a\u0633\u0647\u0644 \u062d\u064a\u0627\u062a\u0643&quot; (Your One-Stop Shop for Life Essentials) &quot;\u0633\u0648\u0642 \u0625\u0644\u0643\u062a\u0631\u0648\u0646\u064a \u0634\u0627\u0645\u0644 \u0644\u0623\u0633\u0644\u0648\u0628 \u0627\u0644\u062d\u064a\u0627\u0629 \u0648\u0627\u0644\u0643\u0645\u0627\u0644\u064a\u0627\u062a&quot; (General Lifestyle &amp; Utility Marketplace)\",\"publisher\":{\"@id\":\"https:\\\/\\\/samama.qa\\\/#organization\"},\"potentialAction\":[{\"@type\":\"SearchAction\",\"target\":{\"@type\":\"EntryPoint\",\"urlTemplate\":\"https:\\\/\\\/samama.qa\\\/?s={search_term_string}\"},\"query-input\":{\"@type\":\"PropertyValueSpecification\",\"valueRequired\":true,\"valueName\":\"search_term_string\"}}],\"inLanguage\":\"en-US\"},{\"@type\":\"Organization\",\"@id\":\"https:\\\/\\\/samama.qa\\\/#organization\",\"name\":\"Samama\",\"url\":\"https:\\\/\\\/samama.qa\\\/\",\"logo\":{\"@type\":\"ImageObject\",\"inLanguage\":\"en-US\",\"@id\":\"https:\\\/\\\/samama.qa\\\/#\\\/schema\\\/logo\\\/image\\\/\",\"url\":\"https:\\\/\\\/samama.qa\\\/wp-content\\\/uploads\\\/2024\\\/06\\\/Samama-LogoAR.webp\",\"contentUrl\":\"https:\\\/\\\/samama.qa\\\/wp-content\\\/uploads\\\/2024\\\/06\\\/Samama-LogoAR.webp\",\"width\":1920,\"height\":480,\"caption\":\"Samama\"},\"image\":{\"@id\":\"https:\\\/\\\/samama.qa\\\/#\\\/schema\\\/logo\\\/image\\\/\"},\"sameAs\":[\"https:\\\/\\\/www.facebook.com\\\/profile.php?id=61581991096477\",\"https:\\\/\\\/www.instagram.com\\\/samama.qa\\\/\"]}]}<\/script>\n<!-- \/ Yoast SEO plugin. -->","yoast_head_json":{"title":"VICKY Double Bridge Business Computer Anti-blue Light Reading Glasses Men's Large Frame Customizable Myopia Prescription 6908 - Samama","robots":{"index":"index","follow":"follow","max-snippet":"max-snippet:-1","max-image-preview":"max-image-preview:large","max-video-preview":"max-video-preview:-1"},"canonical":"https:\/\/samama.qa\/en\/product\/vicky-double-bridge-business-computer-anti-blue-light-reading-glasses-mens-large-frame-customizable-myopia-prescription-6908\/","og_locale":"en_US","og_type":"article","og_title":"VICKY Double Bridge Business Computer Anti-blue Light Reading Glasses Men's Large Frame Customizable Myopia Prescription 6908 - Samama","og_description":"High-concerned chemical:&nbsp;None Element type:&nbsp;Basic Classic Applicable Scenarios:&nbsp;Casual Product Type:&nbsp;Regular reading glasses Style type:&nbsp;Square Model Number:&nbsp;6908 Lens Width:&nbsp;5.5cm Lens Height:&nbsp;4.3cm Coating:&nbsp;HMC [&hellip;]","og_url":"https:\/\/samama.qa\/en\/product\/vicky-double-bridge-business-computer-anti-blue-light-reading-glasses-mens-large-frame-customizable-myopia-prescription-6908\/","og_site_name":"Samama","article_publisher":"https:\/\/www.facebook.com\/profile.php?id=61581991096477","article_modified_time":"2026-02-19T23:13:55+00:00","og_image":[{"width":800,"height":800,"url":"http:\/\/samama.qa\/wp-content\/uploads\/2025\/12\/kf-S33de29e9946d43e8a8521e480ddcc5d5q.webp","type":"image\/webp"}],"twitter_card":"summary_large_image","twitter_misc":{"Est. reading time":"1 minute"},"schema":{"@context":"https:\/\/schema.org","@graph":[{"@type":"WebPage","@id":"https:\/\/samama.qa\/product\/vicky-double-bridge-business-computer-anti-blue-light-reading-glasses-mens-large-frame-customizable-myopia-prescription-6908\/","url":"https:\/\/samama.qa\/product\/vicky-double-bridge-business-computer-anti-blue-light-reading-glasses-mens-large-frame-customizable-myopia-prescription-6908\/","name":"VICKY Double Bridge Business Computer Anti-blue Light Reading Glasses Men's Large Frame Customizable Myopia Prescription 6908 - Samama","isPartOf":{"@id":"https:\/\/samama.qa\/#website"},"primaryImageOfPage":{"@id":"https:\/\/samama.qa\/product\/vicky-double-bridge-business-computer-anti-blue-light-reading-glasses-mens-large-frame-customizable-myopia-prescription-6908\/#primaryimage"},"image":{"@id":"https:\/\/samama.qa\/product\/vicky-double-bridge-business-computer-anti-blue-light-reading-glasses-mens-large-frame-customizable-myopia-prescription-6908\/#primaryimage"},"thumbnailUrl":"https:\/\/samama.qa\/wp-content\/uploads\/2025\/12\/kf-S33de29e9946d43e8a8521e480ddcc5d5q.webp","datePublished":"2025-12-01T20:49:13+00:00","dateModified":"2026-02-19T23:13:55+00:00","breadcrumb":{"@id":"https:\/\/samama.qa\/product\/vicky-double-bridge-business-computer-anti-blue-light-reading-glasses-mens-large-frame-customizable-myopia-prescription-6908\/#breadcrumb"},"inLanguage":"en-US","potentialAction":[{"@type":"ReadAction","target":["https:\/\/samama.qa\/product\/vicky-double-bridge-business-computer-anti-blue-light-reading-glasses-mens-large-frame-customizable-myopia-prescription-6908\/"]}]},{"@type":"ImageObject","inLanguage":"en-US","@id":"https:\/\/samama.qa\/product\/vicky-double-bridge-business-computer-anti-blue-light-reading-glasses-mens-large-frame-customizable-myopia-prescription-6908\/#primaryimage","url":"https:\/\/samama.qa\/wp-content\/uploads\/2025\/12\/kf-S33de29e9946d43e8a8521e480ddcc5d5q.webp","contentUrl":"https:\/\/samama.qa\/wp-content\/uploads\/2025\/12\/kf-S33de29e9946d43e8a8521e480ddcc5d5q.webp","width":800,"height":800},{"@type":"BreadcrumbList","@id":"https:\/\/samama.qa\/product\/vicky-double-bridge-business-computer-anti-blue-light-reading-glasses-mens-large-frame-customizable-myopia-prescription-6908\/#breadcrumb","itemListElement":[{"@type":"ListItem","position":1,"name":"Home","item":"https:\/\/samama.qa\/"},{"@type":"ListItem","position":2,"name":"\u0627\u0644\u0645\u062a\u062c\u0631","item":"https:\/\/samama.qa\/en\/shop\/"},{"@type":"ListItem","position":3,"name":"VICKY Double Bridge Business Computer Anti-blue Light Reading Glasses Men&#8217;s Large Frame Customizable Myopia Prescription 6908"}]},{"@type":"WebSite","@id":"https:\/\/samama.qa\/#website","url":"https:\/\/samama.qa\/","name":"Samama","description":"&quot;\u0648\u062c\u0647\u062a\u0643 \u0644\u0643\u0644 \u0645\u0627 \u064a\u0633\u0647\u0644 \u062d\u064a\u0627\u062a\u0643&quot; (Your One-Stop Shop for Life Essentials) &quot;\u0633\u0648\u0642 \u0625\u0644\u0643\u062a\u0631\u0648\u0646\u064a \u0634\u0627\u0645\u0644 \u0644\u0623\u0633\u0644\u0648\u0628 \u0627\u0644\u062d\u064a\u0627\u0629 \u0648\u0627\u0644\u0643\u0645\u0627\u0644\u064a\u0627\u062a&quot; (General Lifestyle &amp; Utility Marketplace)","publisher":{"@id":"https:\/\/samama.qa\/#organization"},"potentialAction":[{"@type":"SearchAction","target":{"@type":"EntryPoint","urlTemplate":"https:\/\/samama.qa\/?s={search_term_string}"},"query-input":{"@type":"PropertyValueSpecification","valueRequired":true,"valueName":"search_term_string"}}],"inLanguage":"en-US"},{"@type":"Organization","@id":"https:\/\/samama.qa\/#organization","name":"Samama","url":"https:\/\/samama.qa\/","logo":{"@type":"ImageObject","inLanguage":"en-US","@id":"https:\/\/samama.qa\/#\/schema\/logo\/image\/","url":"https:\/\/samama.qa\/wp-content\/uploads\/2024\/06\/Samama-LogoAR.webp","contentUrl":"https:\/\/samama.qa\/wp-content\/uploads\/2024\/06\/Samama-LogoAR.webp","width":1920,"height":480,"caption":"Samama"},"image":{"@id":"https:\/\/samama.qa\/#\/schema\/logo\/image\/"},"sameAs":["https:\/\/www.facebook.com\/profile.php?id=61581991096477","https:\/\/www.instagram.com\/samama.qa\/"]}]}},"jetpack_sharing_enabled":true,"_links":{"self":[{"href":"https:\/\/samama.qa\/en\/wp-json\/wp\/v2\/product\/158729","targetHints":{"allow":["GET"]}}],"collection":[{"href":"https:\/\/samama.qa\/en\/wp-json\/wp\/v2\/product"}],"about":[{"href":"https:\/\/samama.qa\/en\/wp-json\/wp\/v2\/types\/product"}],"replies":[{"embeddable":true,"href":"https:\/\/samama.qa\/en\/wp-json\/wp\/v2\/comments?post=158729"}],"version-history":[{"count":17,"href":"https:\/\/samama.qa\/en\/wp-json\/wp\/v2\/product\/158729\/revisions"}],"predecessor-version":[{"id":162787,"href":"https:\/\/samama.qa\/en\/wp-json\/wp\/v2\/product\/158729\/revisions\/162787"}],"wp:featuredmedia":[{"embeddable":true,"href":"https:\/\/samama.qa\/en\/wp-json\/wp\/v2\/media\/158731"}],"wp:attachment":[{"href":"https:\/\/samama.qa\/en\/wp-json\/wp\/v2\/media?parent=158729"}],"wp:term":[{"taxonomy":"product_brand","embeddable":true,"href":"https:\/\/samama.qa\/en\/wp-json\/wp\/v2\/product_brand?post=158729"},{"taxonomy":"product_cat","embeddable":true,"href":"https:\/\/samama.qa\/en\/wp-json\/wp\/v2\/product_cat?post=158729"},{"taxonomy":"product_tag","embeddable":true,"href":"https:\/\/samama.qa\/en\/wp-json\/wp\/v2\/product_tag?post=158729"}],"curies":[{"name":"wp","href":"https:\/\/api.w.org\/{rel}","templated":true}]}}