{"id":159364,"date":"2025-12-01T23:50:53","date_gmt":"2025-12-01T20:50:53","guid":{"rendered":"https:\/\/samama.qa\/product\/vicky-aluminum-titanium-fashion-classic-business-anti-blue-light-reading-glasses-men-with-prescription-lenses-customized-20248\/"},"modified":"2026-05-09T05:28:15","modified_gmt":"2026-05-09T02:28:15","slug":"vicky-aluminum-titanium-fashion-classic-business-anti-blue-light-reading-glasses-men-with-prescription-lenses-customized-20248","status":"publish","type":"product","link":"https:\/\/samama.qa\/en\/product\/vicky-aluminum-titanium-fashion-classic-business-anti-blue-light-reading-glasses-men-with-prescription-lenses-customized-20248\/","title":{"rendered":"VICKY Aluminum Titanium Fashion Classic Business Anti-blue Light Reading Glasses Men with Prescription Lenses Customized 20248"},"content":{"rendered":"<div class=\"product-specs-list-container\">\n<ul class=\"product-specs-list util-clearfix\">\n<li class=\"product-prop line-limit-length\"><span class=\"property-title\">High-concerned chemical:&nbsp;<\/span><span class=\"property-desc line-limit-length\">None<\/span>\n                            <\/li>\n<li class=\"product-prop line-limit-length\"><span class=\"property-title\">Element type:&nbsp;<\/span><span class=\"property-desc line-limit-length\">Basic Classic<\/span>\n                            <\/li>\n<li class=\"product-prop line-limit-length\"><span class=\"property-title\">Applicable Scenarios:&nbsp;<\/span><span class=\"property-desc line-limit-length\">Casual<\/span>\n                            <\/li>\n<li class=\"product-prop line-limit-length\"><span class=\"property-title\">Product Type:&nbsp;<\/span><span class=\"property-desc line-limit-length\">Regular reading glasses<\/span>\n                            <\/li>\n<li class=\"product-prop line-limit-length\"><span class=\"property-title\">Style type:&nbsp;<\/span><span class=\"property-desc line-limit-length\">Rectangle<\/span>\n                            <\/li>\n<li class=\"product-prop line-limit-length\"><span class=\"property-title\">Place Of Origin:&nbsp;<\/span><span class=\"property-desc line-limit-length\">China (mainland)<\/span>\n                            <\/li>\n<li class=\"product-prop line-limit-length\"><span class=\"property-title\">Model Number:&nbsp;<\/span><span class=\"property-desc line-limit-length\">20248<\/span>\n                            <\/li>\n<li class=\"product-prop line-limit-length\"><span class=\"property-title\">Lens Width:&nbsp;<\/span><span class=\"property-desc line-limit-length\">5.5<\/span>\n                            <\/li>\n<li class=\"product-prop line-limit-length\"><span class=\"property-title\">Lens Height:&nbsp;<\/span><span class=\"property-desc line-limit-length\">4.1<\/span>\n                            <\/li>\n<li class=\"product-prop line-limit-length\"><span class=\"property-title\">Coating:&nbsp;<\/span><span class=\"property-desc line-limit-length\">HMC<\/span>\n                            <\/li>\n<li class=\"product-prop line-limit-length\"><span class=\"property-title\">Frame Material:&nbsp;<\/span><span class=\"property-desc line-limit-length\">aluminum<\/span>\n                            <\/li>\n<li class=\"product-prop line-limit-length\"><span class=\"property-title\">Lenses Material:&nbsp;<\/span><span class=\"property-desc line-limit-length\">CR-39<\/span>\n                            <\/li>\n<li class=\"product-prop line-limit-length\"><span class=\"property-title\">Lenses Color:&nbsp;<\/span><span class=\"property-desc line-limit-length\">WHITE<\/span>\n                            <\/li>\n<li class=\"product-prop line-limit-length\"><span class=\"property-title\">Gender:&nbsp;<\/span><span class=\"property-desc line-limit-length\">Women,Men,Unisex<\/span>\n                            <\/li>\n<li class=\"product-prop line-limit-length\"><span class=\"property-title\">Brand Name:&nbsp;<\/span><span class=\"property-desc line-limit-length\">vicky<\/span>\n                            <\/li>\n<li class=\"product-prop line-limit-length\"><span class=\"property-title\">Origin:&nbsp;<\/span><span class=\"property-desc line-limit-length\">Mainland China<\/span>\n                            <\/li>\n<li class=\"product-prop line-limit-length\"><span class=\"property-title\">Certification:&nbsp;<\/span><span class=\"property-desc line-limit-length\">CE<\/span>\n                            <\/li>\n<li class=\"product-prop line-limit-length\"><span class=\"property-title\">Item Type:&nbsp;<\/span><span class=\"property-desc line-limit-length\">EYEWEAR<\/span>\n                            <\/li>\n<li class=\"product-prop line-limit-length\"><span class=\"property-title\">Eyewear Type:&nbsp;<\/span><span class=\"property-desc line-limit-length\">Reading glasses<\/span>\n                            <\/li>\n<\/ul><\/div>\n<div class=\"detailmodule_html\">\n<div class=\"detail-desc-decorate-richtext\">\n<p style=\"text-align:left;margin:0px;margin-bottom:0px;margin-top:0px;margin-left:0px;margin-right:0px\" align=\"left\"><img decoding=\"async\" src=\"https:\/\/samama.qa\/wp-content\/uploads\/2025\/12\/kf-Sf16975f72464422388e58b677029e80aG.webp?width=790&amp;height=1128&amp;hash=1918\" \/><img decoding=\"async\" src=\"https:\/\/samama.qa\/wp-content\/uploads\/2025\/12\/kf-S732d161d5e42494daa4451309f414a603.webp?width=790&amp;height=575&amp;hash=1365\" \/><img decoding=\"async\" src=\"https:\/\/samama.qa\/wp-content\/uploads\/2025\/12\/kf-Sc0d2cc88e1a3430a82ba364f73610895B.webp?width=790&amp;height=1016&amp;hash=1806\" \/><img decoding=\"async\" src=\"https:\/\/samama.qa\/wp-content\/uploads\/2025\/12\/kf-S233ca9c152d1458e9f174aa2463f03250.webp?width=790&amp;height=1112&amp;hash=1902\" \/><img decoding=\"async\" src=\"https:\/\/samama.qa\/wp-content\/uploads\/2025\/12\/kf-Sd792ae4797914365abea80f28ae7be2aJ.webp?width=790&amp;height=1257&amp;hash=2047\" \/><img decoding=\"async\" src=\"https:\/\/samama.qa\/wp-content\/uploads\/2025\/12\/kf-S9ebf37b12cfd4d5ea0223ed4ed032d7cH.webp?width=790&amp;height=1238&amp;hash=2028\" \/><img decoding=\"async\" src=\"https:\/\/samama.qa\/wp-content\/uploads\/2025\/12\/kf-S3990b7d464444baea36b54945cb3dc58C.webp?width=790&amp;height=973&amp;hash=1763\" \/><img decoding=\"async\" src=\"https:\/\/samama.qa\/wp-content\/uploads\/2025\/12\/kf-Sc2abe93ac7444905a43f8b8f70d86727M.webp?width=790&amp;height=969&amp;hash=1759\" \/><img decoding=\"async\" src=\"https:\/\/samama.qa\/wp-content\/uploads\/2025\/12\/kf-S972e941b0189400aa01378b67e5cc4d6T.webp?width=790&amp;height=979&amp;hash=1769\" \/><img decoding=\"async\" src=\"https:\/\/samama.qa\/wp-content\/uploads\/2025\/12\/kf-S610db776bd4e46b6aaba3251e9433b5cO.webp?width=790&amp;height=947&amp;hash=1737\" \/><img decoding=\"async\" src=\"https:\/\/samama.qa\/wp-content\/uploads\/2025\/12\/kf-S6e29d9cfb13a4b09882df93e66ebe668m.webp?width=790&amp;height=1179&amp;hash=1969\" \/><img decoding=\"async\" src=\"https:\/\/samama.qa\/wp-content\/uploads\/2025\/12\/kf-S1cb3598299da4607bb3ea93a2f39776cN.webp?width=790&amp;height=1599&amp;hash=2389\" \/><img decoding=\"async\" src=\"https:\/\/samama.qa\/wp-content\/uploads\/2025\/12\/kf-S06cb8d06cb33476a8cc5ecd744943261o.webp?width=790&amp;height=1481&amp;hash=2271\" \/><img decoding=\"async\" src=\"https:\/\/samama.qa\/wp-content\/uploads\/2025\/12\/kf-S2ef8837b17d54b7a83c4a74699ae0a736.webp?width=790&amp;height=1473&amp;hash=2263\" \/><img decoding=\"async\" src=\"https:\/\/samama.qa\/wp-content\/uploads\/2025\/12\/kf-Sd733557f5b1e49e584f18f0804a38dd6E.webp?width=790&amp;height=1467&amp;hash=2257\" \/><img decoding=\"async\" src=\"https:\/\/samama.qa\/wp-content\/uploads\/2025\/12\/kf-Sb1c18e6c3f6647afa24671585d5133f8P.webp?width=790&amp;height=1503&amp;hash=2293\" \/><br \/><span><span>Explicaci\u00f3n de las lentes:<\/span><\/span><br \/><span>La personalizaci\u00f3n de la prescripci\u00f3n no incluye gafas de sol de alta prescripci\u00f3n fotocrom\u00e1ticas, multifocales, graduadas<\/span><br \/><span>CILINDRO: + 2,00 ~ + 4,00 o CIL:-2,00 ~-4,00 Costos extra 10 USD.(A\u00d1ADIR 10 $)<br \/>CILINDRO: + 2,00 ~ + 4,00 o CIL:-400 + Costos extra 10 USD.(ADD20 $)<\/span><\/p>\n<\/div>\n<\/div>\n<p><\/p>","protected":false},"excerpt":{"rendered":"<p>High-concerned chemical:&nbsp;None Element type:&nbsp;Basic Classic Applicable Scenarios:&nbsp;Casual Product Type:&nbsp;Regular reading glasses Style type:&nbsp;Rectangle Place Of Origin:&nbsp;China (mainland) Model Number:&nbsp;20248 Lens [&hellip;]<\/p>\n","protected":false},"featured_media":159366,"comment_status":"open","ping_status":"closed","template":"","meta":{"_acf_changed":false,"site-sidebar-layout":"default","site-content-layout":"","ast-site-content-layout":"default","site-content-style":"default","site-sidebar-style":"default","ast-global-header-display":"","ast-banner-title-visibility":"","ast-main-header-display":"","ast-hfb-above-header-display":"","ast-hfb-below-header-display":"","ast-hfb-mobile-header-display":"","site-post-title":"","ast-breadcrumbs-content":"","ast-featured-img":"","footer-sml-layout":"","ast-disable-related-posts":"","theme-transparent-header-meta":"","adv-header-id-meta":"","stick-header-meta":"","header-above-stick-meta":"","header-main-stick-meta":"","header-below-stick-meta":"","astra-migrate-meta-layouts":"default","ast-page-background-enabled":"default","ast-page-background-meta":{"desktop":{"background-color":"var(--ast-global-color-4)","background-image":"","background-repeat":"repeat","background-position":"center center","background-size":"auto","background-attachment":"scroll","background-type":"","background-media":"","overlay-type":"","overlay-color":"","overlay-opacity":"","overlay-gradient":""},"tablet":{"background-color":"","background-image":"","background-repeat":"repeat","background-position":"center center","background-size":"auto","background-attachment":"scroll","background-type":"","background-media":"","overlay-type":"","overlay-color":"","overlay-opacity":"","overlay-gradient":""},"mobile":{"background-color":"","background-image":"","background-repeat":"repeat","background-position":"center center","background-size":"auto","background-attachment":"scroll","background-type":"","background-media":"","overlay-type":"","overlay-color":"","overlay-opacity":"","overlay-gradient":""}},"ast-content-background-meta":{"desktop":{"background-color":"var(--ast-global-color-5)","background-image":"","background-repeat":"repeat","background-position":"center center","background-size":"auto","background-attachment":"scroll","background-type":"","background-media":"","overlay-type":"","overlay-color":"","overlay-opacity":"","overlay-gradient":""},"tablet":{"background-color":"var(--ast-global-color-5)","background-image":"","background-repeat":"repeat","background-position":"center center","background-size":"auto","background-attachment":"scroll","background-type":"","background-media":"","overlay-type":"","overlay-color":"","overlay-opacity":"","overlay-gradient":""},"mobile":{"background-color":"var(--ast-global-color-5)","background-image":"","background-repeat":"repeat","background-position":"center center","background-size":"auto","background-attachment":"scroll","background-type":"","background-media":"","overlay-type":"","overlay-color":"","overlay-opacity":"","overlay-gradient":""}}},"product_brand":[],"product_cat":[34194],"product_tag":[37740],"class_list":{"0":"post-159364","1":"product","2":"type-product","3":"status-publish","4":"has-post-thumbnail","6":"product_cat-men-glasses","7":"product_tag-37740","8":"product_shipping_class-from-china","9":"desktop-align-left","10":"tablet-align-left","11":"mobile-align-left","13":"first","14":"instock","15":"taxable","16":"shipping-taxable","17":"purchasable","18":"product-type-variable","19":"has-default-attributes"},"acf":[],"pure_taxonomies":{"product_cat":[{"term_id":34194,"name":"\u0646\u0638\u0627\u0631\u0627\u062a \u0631\u062c\u0627\u0644","slug":"men-glasses","term_group":0,"term_taxonomy_id":34194,"taxonomy":"product_cat","description":"","parent":34193,"count":99,"filter":"raw","image":""}],"product_tag":[{"term_id":37740,"name":"\u0646\u0638\u0627\u0631\u0627\u062a \u0631\u062c\u0627\u0644","slug":"%d9%86%d8%b8%d8%a7%d8%b1%d8%a7%d8%aa-%d8%b1%d8%ac%d8%a7%d9%84","term_group":0,"term_taxonomy_id":37740,"taxonomy":"product_tag","description":"","parent":0,"count":83,"filter":"raw","image":""}],"product_shipping_class":[{"term_id":30566,"name":"From China","slug":"from-china","term_group":0,"term_taxonomy_id":30566,"taxonomy":"product_shipping_class","description":"Orders from China","parent":0,"count":5717,"filter":"raw","image":""}]},"yoast_head":"<!-- This site is optimized with the Yoast SEO plugin v27.6 - https:\/\/yoast.com\/product\/yoast-seo-wordpress\/ -->\n<title>VICKY Aluminum Titanium Fashion Classic Business Anti-blue Light Reading Glasses Men with Prescription Lenses Customized 20248 - Samama<\/title>\n<meta name=\"robots\" content=\"index, follow, max-snippet:-1, max-image-preview:large, max-video-preview:-1\" \/>\n<link rel=\"canonical\" href=\"https:\/\/samama.qa\/en\/product\/vicky-aluminum-titanium-fashion-classic-business-anti-blue-light-reading-glasses-men-with-prescription-lenses-customized-20248\/\" \/>\n<meta property=\"og:locale\" content=\"en_US\" \/>\n<meta property=\"og:type\" content=\"article\" \/>\n<meta property=\"og:title\" content=\"VICKY Aluminum Titanium Fashion Classic Business Anti-blue Light Reading Glasses Men with Prescription Lenses Customized 20248 - Samama\" \/>\n<meta property=\"og:description\" content=\"High-concerned chemical:&nbsp;None Element type:&nbsp;Basic Classic Applicable Scenarios:&nbsp;Casual Product Type:&nbsp;Regular reading glasses Style type:&nbsp;Rectangle Place Of Origin:&nbsp;China (mainland) Model Number:&nbsp;20248 Lens [&hellip;]\" \/>\n<meta property=\"og:url\" content=\"https:\/\/samama.qa\/en\/product\/vicky-aluminum-titanium-fashion-classic-business-anti-blue-light-reading-glasses-men-with-prescription-lenses-customized-20248\/\" \/>\n<meta property=\"og:site_name\" content=\"Samama\" \/>\n<meta property=\"article:publisher\" content=\"https:\/\/www.facebook.com\/profile.php?id=61581991096477\" \/>\n<meta property=\"article:modified_time\" content=\"2026-05-09T02:28:15+00:00\" \/>\n<meta property=\"og:image\" content=\"https:\/\/samama.qa\/wp-content\/uploads\/2025\/12\/kf-S94c6cdd2daa44deb81d16647445416e2d.webp\" \/>\n\t<meta property=\"og:image:width\" content=\"800\" \/>\n\t<meta property=\"og:image:height\" content=\"800\" \/>\n\t<meta property=\"og:image:type\" content=\"image\/webp\" \/>\n<meta name=\"twitter:card\" content=\"summary_large_image\" \/>\n<meta name=\"twitter:label1\" content=\"Est. reading time\" \/>\n\t<meta name=\"twitter:data1\" content=\"1 minute\" \/>\n<script type=\"application\/ld+json\" class=\"yoast-schema-graph\">{\"@context\":\"https:\\\/\\\/schema.org\",\"@graph\":[{\"@type\":\"WebPage\",\"@id\":\"https:\\\/\\\/samama.qa\\\/product\\\/vicky-aluminum-titanium-fashion-classic-business-anti-blue-light-reading-glasses-men-with-prescription-lenses-customized-20248\\\/\",\"url\":\"https:\\\/\\\/samama.qa\\\/product\\\/vicky-aluminum-titanium-fashion-classic-business-anti-blue-light-reading-glasses-men-with-prescription-lenses-customized-20248\\\/\",\"name\":\"VICKY Aluminum Titanium Fashion Classic Business Anti-blue Light Reading Glasses Men with Prescription Lenses Customized 20248 - Samama\",\"isPartOf\":{\"@id\":\"https:\\\/\\\/samama.qa\\\/#website\"},\"primaryImageOfPage\":{\"@id\":\"https:\\\/\\\/samama.qa\\\/product\\\/vicky-aluminum-titanium-fashion-classic-business-anti-blue-light-reading-glasses-men-with-prescription-lenses-customized-20248\\\/#primaryimage\"},\"image\":{\"@id\":\"https:\\\/\\\/samama.qa\\\/product\\\/vicky-aluminum-titanium-fashion-classic-business-anti-blue-light-reading-glasses-men-with-prescription-lenses-customized-20248\\\/#primaryimage\"},\"thumbnailUrl\":\"https:\\\/\\\/samama.qa\\\/wp-content\\\/uploads\\\/2025\\\/12\\\/kf-S94c6cdd2daa44deb81d16647445416e2d.webp\",\"datePublished\":\"2025-12-01T20:50:53+00:00\",\"dateModified\":\"2026-05-09T02:28:15+00:00\",\"breadcrumb\":{\"@id\":\"https:\\\/\\\/samama.qa\\\/product\\\/vicky-aluminum-titanium-fashion-classic-business-anti-blue-light-reading-glasses-men-with-prescription-lenses-customized-20248\\\/#breadcrumb\"},\"inLanguage\":\"en-US\",\"potentialAction\":[{\"@type\":\"ReadAction\",\"target\":[\"https:\\\/\\\/samama.qa\\\/product\\\/vicky-aluminum-titanium-fashion-classic-business-anti-blue-light-reading-glasses-men-with-prescription-lenses-customized-20248\\\/\"]}]},{\"@type\":\"ImageObject\",\"inLanguage\":\"en-US\",\"@id\":\"https:\\\/\\\/samama.qa\\\/product\\\/vicky-aluminum-titanium-fashion-classic-business-anti-blue-light-reading-glasses-men-with-prescription-lenses-customized-20248\\\/#primaryimage\",\"url\":\"https:\\\/\\\/samama.qa\\\/wp-content\\\/uploads\\\/2025\\\/12\\\/kf-S94c6cdd2daa44deb81d16647445416e2d.webp\",\"contentUrl\":\"https:\\\/\\\/samama.qa\\\/wp-content\\\/uploads\\\/2025\\\/12\\\/kf-S94c6cdd2daa44deb81d16647445416e2d.webp\",\"width\":800,\"height\":800},{\"@type\":\"BreadcrumbList\",\"@id\":\"https:\\\/\\\/samama.qa\\\/product\\\/vicky-aluminum-titanium-fashion-classic-business-anti-blue-light-reading-glasses-men-with-prescription-lenses-customized-20248\\\/#breadcrumb\",\"itemListElement\":[{\"@type\":\"ListItem\",\"position\":1,\"name\":\"Home\",\"item\":\"https:\\\/\\\/samama.qa\\\/\"},{\"@type\":\"ListItem\",\"position\":2,\"name\":\"\u0627\u0644\u0645\u062a\u062c\u0631\",\"item\":\"https:\\\/\\\/samama.qa\\\/en\\\/shop\\\/\"},{\"@type\":\"ListItem\",\"position\":3,\"name\":\"VICKY Aluminum Titanium Fashion Classic Business Anti-blue Light Reading Glasses Men with Prescription Lenses Customized 20248\"}]},{\"@type\":\"WebSite\",\"@id\":\"https:\\\/\\\/samama.qa\\\/#website\",\"url\":\"https:\\\/\\\/samama.qa\\\/\",\"name\":\"Samama\",\"description\":\"&quot;\u0648\u062c\u0647\u062a\u0643 \u0644\u0643\u0644 \u0645\u0627 \u064a\u0633\u0647\u0644 \u062d\u064a\u0627\u062a\u0643&quot; (Your One-Stop Shop for Life Essentials) &quot;\u0633\u0648\u0642 \u0625\u0644\u0643\u062a\u0631\u0648\u0646\u064a \u0634\u0627\u0645\u0644 \u0644\u0623\u0633\u0644\u0648\u0628 \u0627\u0644\u062d\u064a\u0627\u0629 \u0648\u0627\u0644\u0643\u0645\u0627\u0644\u064a\u0627\u062a&quot; (General Lifestyle &amp; Utility Marketplace)\",\"publisher\":{\"@id\":\"https:\\\/\\\/samama.qa\\\/#organization\"},\"potentialAction\":[{\"@type\":\"SearchAction\",\"target\":{\"@type\":\"EntryPoint\",\"urlTemplate\":\"https:\\\/\\\/samama.qa\\\/?s={search_term_string}\"},\"query-input\":{\"@type\":\"PropertyValueSpecification\",\"valueRequired\":true,\"valueName\":\"search_term_string\"}}],\"inLanguage\":\"en-US\"},{\"@type\":\"Organization\",\"@id\":\"https:\\\/\\\/samama.qa\\\/#organization\",\"name\":\"Samama\",\"url\":\"https:\\\/\\\/samama.qa\\\/\",\"logo\":{\"@type\":\"ImageObject\",\"inLanguage\":\"en-US\",\"@id\":\"https:\\\/\\\/samama.qa\\\/#\\\/schema\\\/logo\\\/image\\\/\",\"url\":\"https:\\\/\\\/samama.qa\\\/wp-content\\\/uploads\\\/2024\\\/06\\\/Samama-LogoAR.webp\",\"contentUrl\":\"https:\\\/\\\/samama.qa\\\/wp-content\\\/uploads\\\/2024\\\/06\\\/Samama-LogoAR.webp\",\"width\":1920,\"height\":480,\"caption\":\"Samama\"},\"image\":{\"@id\":\"https:\\\/\\\/samama.qa\\\/#\\\/schema\\\/logo\\\/image\\\/\"},\"sameAs\":[\"https:\\\/\\\/www.facebook.com\\\/profile.php?id=61581991096477\",\"https:\\\/\\\/www.instagram.com\\\/samama.qa\\\/\"]}]}<\/script>\n<!-- \/ Yoast SEO plugin. -->","yoast_head_json":{"title":"VICKY Aluminum Titanium Fashion Classic Business Anti-blue Light Reading Glasses Men with Prescription Lenses Customized 20248 - Samama","robots":{"index":"index","follow":"follow","max-snippet":"max-snippet:-1","max-image-preview":"max-image-preview:large","max-video-preview":"max-video-preview:-1"},"canonical":"https:\/\/samama.qa\/en\/product\/vicky-aluminum-titanium-fashion-classic-business-anti-blue-light-reading-glasses-men-with-prescription-lenses-customized-20248\/","og_locale":"en_US","og_type":"article","og_title":"VICKY Aluminum Titanium Fashion Classic Business Anti-blue Light Reading Glasses Men with Prescription Lenses Customized 20248 - Samama","og_description":"High-concerned chemical:&nbsp;None Element type:&nbsp;Basic Classic Applicable Scenarios:&nbsp;Casual Product Type:&nbsp;Regular reading glasses Style type:&nbsp;Rectangle Place Of Origin:&nbsp;China (mainland) Model Number:&nbsp;20248 Lens [&hellip;]","og_url":"https:\/\/samama.qa\/en\/product\/vicky-aluminum-titanium-fashion-classic-business-anti-blue-light-reading-glasses-men-with-prescription-lenses-customized-20248\/","og_site_name":"Samama","article_publisher":"https:\/\/www.facebook.com\/profile.php?id=61581991096477","article_modified_time":"2026-05-09T02:28:15+00:00","og_image":[{"width":800,"height":800,"url":"https:\/\/samama.qa\/wp-content\/uploads\/2025\/12\/kf-S94c6cdd2daa44deb81d16647445416e2d.webp","type":"image\/webp"}],"twitter_card":"summary_large_image","twitter_misc":{"Est. reading time":"1 minute"},"schema":{"@context":"https:\/\/schema.org","@graph":[{"@type":"WebPage","@id":"https:\/\/samama.qa\/product\/vicky-aluminum-titanium-fashion-classic-business-anti-blue-light-reading-glasses-men-with-prescription-lenses-customized-20248\/","url":"https:\/\/samama.qa\/product\/vicky-aluminum-titanium-fashion-classic-business-anti-blue-light-reading-glasses-men-with-prescription-lenses-customized-20248\/","name":"VICKY Aluminum Titanium Fashion Classic Business Anti-blue Light Reading Glasses Men with Prescription Lenses Customized 20248 - Samama","isPartOf":{"@id":"https:\/\/samama.qa\/#website"},"primaryImageOfPage":{"@id":"https:\/\/samama.qa\/product\/vicky-aluminum-titanium-fashion-classic-business-anti-blue-light-reading-glasses-men-with-prescription-lenses-customized-20248\/#primaryimage"},"image":{"@id":"https:\/\/samama.qa\/product\/vicky-aluminum-titanium-fashion-classic-business-anti-blue-light-reading-glasses-men-with-prescription-lenses-customized-20248\/#primaryimage"},"thumbnailUrl":"https:\/\/samama.qa\/wp-content\/uploads\/2025\/12\/kf-S94c6cdd2daa44deb81d16647445416e2d.webp","datePublished":"2025-12-01T20:50:53+00:00","dateModified":"2026-05-09T02:28:15+00:00","breadcrumb":{"@id":"https:\/\/samama.qa\/product\/vicky-aluminum-titanium-fashion-classic-business-anti-blue-light-reading-glasses-men-with-prescription-lenses-customized-20248\/#breadcrumb"},"inLanguage":"en-US","potentialAction":[{"@type":"ReadAction","target":["https:\/\/samama.qa\/product\/vicky-aluminum-titanium-fashion-classic-business-anti-blue-light-reading-glasses-men-with-prescription-lenses-customized-20248\/"]}]},{"@type":"ImageObject","inLanguage":"en-US","@id":"https:\/\/samama.qa\/product\/vicky-aluminum-titanium-fashion-classic-business-anti-blue-light-reading-glasses-men-with-prescription-lenses-customized-20248\/#primaryimage","url":"https:\/\/samama.qa\/wp-content\/uploads\/2025\/12\/kf-S94c6cdd2daa44deb81d16647445416e2d.webp","contentUrl":"https:\/\/samama.qa\/wp-content\/uploads\/2025\/12\/kf-S94c6cdd2daa44deb81d16647445416e2d.webp","width":800,"height":800},{"@type":"BreadcrumbList","@id":"https:\/\/samama.qa\/product\/vicky-aluminum-titanium-fashion-classic-business-anti-blue-light-reading-glasses-men-with-prescription-lenses-customized-20248\/#breadcrumb","itemListElement":[{"@type":"ListItem","position":1,"name":"Home","item":"https:\/\/samama.qa\/"},{"@type":"ListItem","position":2,"name":"\u0627\u0644\u0645\u062a\u062c\u0631","item":"https:\/\/samama.qa\/en\/shop\/"},{"@type":"ListItem","position":3,"name":"VICKY Aluminum Titanium Fashion Classic Business Anti-blue Light Reading Glasses Men with Prescription Lenses Customized 20248"}]},{"@type":"WebSite","@id":"https:\/\/samama.qa\/#website","url":"https:\/\/samama.qa\/","name":"Samama","description":"&quot;\u0648\u062c\u0647\u062a\u0643 \u0644\u0643\u0644 \u0645\u0627 \u064a\u0633\u0647\u0644 \u062d\u064a\u0627\u062a\u0643&quot; (Your One-Stop Shop for Life Essentials) &quot;\u0633\u0648\u0642 \u0625\u0644\u0643\u062a\u0631\u0648\u0646\u064a \u0634\u0627\u0645\u0644 \u0644\u0623\u0633\u0644\u0648\u0628 \u0627\u0644\u062d\u064a\u0627\u0629 \u0648\u0627\u0644\u0643\u0645\u0627\u0644\u064a\u0627\u062a&quot; (General Lifestyle &amp; Utility Marketplace)","publisher":{"@id":"https:\/\/samama.qa\/#organization"},"potentialAction":[{"@type":"SearchAction","target":{"@type":"EntryPoint","urlTemplate":"https:\/\/samama.qa\/?s={search_term_string}"},"query-input":{"@type":"PropertyValueSpecification","valueRequired":true,"valueName":"search_term_string"}}],"inLanguage":"en-US"},{"@type":"Organization","@id":"https:\/\/samama.qa\/#organization","name":"Samama","url":"https:\/\/samama.qa\/","logo":{"@type":"ImageObject","inLanguage":"en-US","@id":"https:\/\/samama.qa\/#\/schema\/logo\/image\/","url":"https:\/\/samama.qa\/wp-content\/uploads\/2024\/06\/Samama-LogoAR.webp","contentUrl":"https:\/\/samama.qa\/wp-content\/uploads\/2024\/06\/Samama-LogoAR.webp","width":1920,"height":480,"caption":"Samama"},"image":{"@id":"https:\/\/samama.qa\/#\/schema\/logo\/image\/"},"sameAs":["https:\/\/www.facebook.com\/profile.php?id=61581991096477","https:\/\/www.instagram.com\/samama.qa\/"]}]}},"jetpack_sharing_enabled":true,"_links":{"self":[{"href":"https:\/\/samama.qa\/en\/wp-json\/wp\/v2\/product\/159364","targetHints":{"allow":["GET"]}}],"collection":[{"href":"https:\/\/samama.qa\/en\/wp-json\/wp\/v2\/product"}],"about":[{"href":"https:\/\/samama.qa\/en\/wp-json\/wp\/v2\/types\/product"}],"replies":[{"embeddable":true,"href":"https:\/\/samama.qa\/en\/wp-json\/wp\/v2\/comments?post=159364"}],"version-history":[{"count":16,"href":"https:\/\/samama.qa\/en\/wp-json\/wp\/v2\/product\/159364\/revisions"}],"predecessor-version":[{"id":163013,"href":"https:\/\/samama.qa\/en\/wp-json\/wp\/v2\/product\/159364\/revisions\/163013"}],"wp:featuredmedia":[{"embeddable":true,"href":"https:\/\/samama.qa\/en\/wp-json\/wp\/v2\/media\/159366"}],"wp:attachment":[{"href":"https:\/\/samama.qa\/en\/wp-json\/wp\/v2\/media?parent=159364"}],"wp:term":[{"taxonomy":"product_brand","embeddable":true,"href":"https:\/\/samama.qa\/en\/wp-json\/wp\/v2\/product_brand?post=159364"},{"taxonomy":"product_cat","embeddable":true,"href":"https:\/\/samama.qa\/en\/wp-json\/wp\/v2\/product_cat?post=159364"},{"taxonomy":"product_tag","embeddable":true,"href":"https:\/\/samama.qa\/en\/wp-json\/wp\/v2\/product_tag?post=159364"}],"curies":[{"name":"wp","href":"https:\/\/api.w.org\/{rel}","templated":true}]}}