{"id":206236,"date":"2026-02-20T00:46:08","date_gmt":"2026-02-19T21:46:08","guid":{"rendered":"https:\/\/samama.qa\/?post_type=product&#038;p=206236"},"modified":"2026-02-21T01:17:01","modified_gmt":"2026-02-20T22:17:01","slug":"1pc-eagle-claw-edc-pocket-tool-titanium-alloy-quick-open-folding-knife-with-replaceable-blades","status":"publish","type":"product","link":"https:\/\/samama.qa\/en\/product\/1pc-eagle-claw-edc-pocket-tool-titanium-alloy-quick-open-folding-knife-with-replaceable-blades\/","title":{"rendered":"1PC Eagle Claw EDC Pocket Tool Titanium Alloy Quick-Open Folding Knife with Replaceable Blades"},"content":{"rendered":"<div class=\"product-specs-list-container\">\n<ul class=\"product-specs-list util-clearfix\">\n<li class=\"product-prop line-limit-length\"><span class=\"property-title\">Electric:&nbsp;<\/span><span class=\"property-desc line-limit-length\">No<\/span>\n                            <\/li>\n<li class=\"product-prop line-limit-length\"><span class=\"property-title\">High-concerned chemical:&nbsp;<\/span><span class=\"property-desc line-limit-length\">None<\/span>\n                            <\/li>\n<li class=\"product-prop line-limit-length\"><span class=\"property-title\">Size:&nbsp;<\/span><span class=\"property-desc line-limit-length\">M<\/span>\n                            <\/li>\n<li class=\"product-prop line-limit-length\"><span class=\"property-title\">Type:&nbsp;<\/span><span class=\"property-desc line-limit-length\">Pocket, Multi Tools<\/span>\n                            <\/li>\n<li class=\"product-prop line-limit-length\"><span class=\"property-title\">Origin:&nbsp;<\/span><span class=\"property-desc line-limit-length\">Mainland China<\/span>\n                            <\/li>\n<\/ul><\/div>\n<p align=\"start\"><span style=\"font-size:24px\"><strong>Debido a restricciones de entrega de mensajer\u00eda, las hojas se clasifican como art\u00edculos no enviados.Por lo tanto, solo enviaremos el portacuchillas.Al recibir el producto, deber\u00e1 preparar sus propias cuchillas.Por favor tenga en cuenta.<\/strong><\/span><\/p>\n<p><\/p>\n<p>Material: TC4 titanium alloy handle<\/p>\n<p>Total length: 15.9cm<\/p>\n<p>Handle length: 10cm<\/p>\n<p>Handle thickness: 1cm<\/p>\n<p>Weight: Approximately 61 grams<\/p>\n<p>Blade: SK4 type 61x19x0.6mm standard blade<\/p>\n<p><img decoding=\"async\" src=\"https:\/\/samama.qa\/wp-content\/uploads\/2026\/02\/kf-S91075205425948f2bd8174b98a5f6129Q.webp\" \/><img decoding=\"async\" src=\"https:\/\/samama.qa\/wp-content\/uploads\/2026\/02\/kf-S434e19db02274673a8cb577f4e29629dH.webp\" \/><img decoding=\"async\" src=\"https:\/\/samama.qa\/wp-content\/uploads\/2026\/02\/kf-Se70abff5c37b407dba9c1cec7611a010b.webp\" \/><\/p>\n<p><\/p>\n<p><img decoding=\"async\" src=\"https:\/\/samama.qa\/wp-content\/uploads\/2026\/02\/kf-S857169d9ff4a457cace17e5223554226H.webp\" \/><img decoding=\"async\" src=\"https:\/\/samama.qa\/wp-content\/uploads\/2026\/02\/kf-S80f26d4b101e47c9bd8a1123afa9ff33R.webp\" \/><img decoding=\"async\" src=\"https:\/\/samama.qa\/wp-content\/uploads\/2026\/02\/kf-S96c307b962504bc0b6308b2d5b935da4C.webp\" \/><img decoding=\"async\" src=\"https:\/\/samama.qa\/wp-content\/uploads\/2026\/02\/kf-S1f397cbef5c54dd78fa65bd7ea31d75fW.webp\" \/><img decoding=\"async\" src=\"https:\/\/samama.qa\/wp-content\/uploads\/2026\/02\/kf-S386f5adf62f248498a950dd34683a7269.webp\" \/><img decoding=\"async\" src=\"https:\/\/samama.qa\/wp-content\/uploads\/2026\/02\/kf-S57a709d4e48144eb9c79d42521586453M.webp\" \/><img decoding=\"async\" src=\"https:\/\/samama.qa\/wp-content\/uploads\/2026\/02\/kf-Se997e8f2d28a49ec81990fdcd321afe7d.webp\" \/><img decoding=\"async\" src=\"https:\/\/samama.qa\/wp-content\/uploads\/2026\/02\/kf-S6787a3119ee8428cbfe4a83a8feb0790q.webp\" \/><img decoding=\"async\" src=\"https:\/\/samama.qa\/wp-content\/uploads\/2026\/02\/kf-S57a709d4e48144eb9c79d42521586453M.webp\" \/><\/p>","protected":false},"excerpt":{"rendered":"<p>Electric:&nbsp;No High-concerned chemical:&nbsp;None Size:&nbsp;M Type:&nbsp;Pocket, Multi Tools Origin:&nbsp;Mainland China Debido a restricciones de entrega de mensajer\u00eda, las hojas se clasifican [&hellip;]<\/p>\n","protected":false},"featured_media":206239,"comment_status":"open","ping_status":"closed","template":"","meta":{"_acf_changed":false,"site-sidebar-layout":"default","site-content-layout":"","ast-site-content-layout":"default","site-content-style":"default","site-sidebar-style":"default","ast-global-header-display":"","ast-banner-title-visibility":"","ast-main-header-display":"","ast-hfb-above-header-display":"","ast-hfb-below-header-display":"","ast-hfb-mobile-header-display":"","site-post-title":"","ast-breadcrumbs-content":"","ast-featured-img":"","footer-sml-layout":"","ast-disable-related-posts":"","theme-transparent-header-meta":"","adv-header-id-meta":"","stick-header-meta":"","header-above-stick-meta":"","header-main-stick-meta":"","header-below-stick-meta":"","astra-migrate-meta-layouts":"default","ast-page-background-enabled":"default","ast-page-background-meta":{"desktop":{"background-color":"var(--ast-global-color-4)","background-image":"","background-repeat":"repeat","background-position":"center center","background-size":"auto","background-attachment":"scroll","background-type":"","background-media":"","overlay-type":"","overlay-color":"","overlay-opacity":"","overlay-gradient":""},"tablet":{"background-color":"","background-image":"","background-repeat":"repeat","background-position":"center center","background-size":"auto","background-attachment":"scroll","background-type":"","background-media":"","overlay-type":"","overlay-color":"","overlay-opacity":"","overlay-gradient":""},"mobile":{"background-color":"","background-image":"","background-repeat":"repeat","background-position":"center center","background-size":"auto","background-attachment":"scroll","background-type":"","background-media":"","overlay-type":"","overlay-color":"","overlay-opacity":"","overlay-gradient":""}},"ast-content-background-meta":{"desktop":{"background-color":"var(--ast-global-color-5)","background-image":"","background-repeat":"repeat","background-position":"center center","background-size":"auto","background-attachment":"scroll","background-type":"","background-media":"","overlay-type":"","overlay-color":"","overlay-opacity":"","overlay-gradient":""},"tablet":{"background-color":"var(--ast-global-color-5)","background-image":"","background-repeat":"repeat","background-position":"center center","background-size":"auto","background-attachment":"scroll","background-type":"","background-media":"","overlay-type":"","overlay-color":"","overlay-opacity":"","overlay-gradient":""},"mobile":{"background-color":"var(--ast-global-color-5)","background-image":"","background-repeat":"repeat","background-position":"center center","background-size":"auto","background-attachment":"scroll","background-type":"","background-media":"","overlay-type":"","overlay-color":"","overlay-opacity":"","overlay-gradient":""}}},"product_brand":[],"product_cat":[38568],"product_tag":[],"class_list":{"0":"post-206236","1":"product","2":"type-product","3":"status-publish","4":"has-post-thumbnail","6":"product_cat-uncategorized","7":"product_shipping_class-from-china","8":"pa_color-hammer-mark","9":"pa_color-silver","10":"desktop-align-left","11":"tablet-align-left","12":"mobile-align-left","14":"first","15":"instock","16":"taxable","17":"shipping-taxable","18":"purchasable","19":"product-type-variable","20":"has-default-attributes"},"acf":[],"pure_taxonomies":{"product_cat":[{"term_id":38568,"name":"\u063a\u064a\u0631 \u0645\u0635\u0646\u0641","slug":"uncategorized","term_group":0,"term_taxonomy_id":38568,"taxonomy":"product_cat","description":"","parent":0,"count":2634,"filter":"raw","image":""}],"product_shipping_class":[{"term_id":30566,"name":"From China","slug":"from-china","term_group":0,"term_taxonomy_id":30566,"taxonomy":"product_shipping_class","description":"Orders from China","parent":0,"count":4646,"filter":"raw","image":""}],"pa_color":[{"term_id":40353,"name":"hammer mark","slug":"hammer-mark","term_group":0,"term_taxonomy_id":40353,"taxonomy":"pa_color","description":"","parent":0,"count":2,"filter":"raw","image":""},{"term_id":32427,"name":"Silver","slug":"silver","term_group":0,"term_taxonomy_id":32427,"taxonomy":"pa_color","description":"","parent":0,"count":87,"filter":"raw","image":""}]},"yoast_head":"<!-- This site is optimized with the Yoast SEO plugin v27.5 - https:\/\/yoast.com\/product\/yoast-seo-wordpress\/ -->\n<title>1PC Eagle Claw EDC Pocket Tool Titanium Alloy Quick-Open Folding Knife with Replaceable Blades - Samama<\/title>\n<meta name=\"robots\" content=\"index, follow, max-snippet:-1, max-image-preview:large, max-video-preview:-1\" \/>\n<link rel=\"canonical\" href=\"https:\/\/samama.qa\/en\/product\/1pc-eagle-claw-edc-pocket-tool-titanium-alloy-quick-open-folding-knife-with-replaceable-blades\/\" \/>\n<meta property=\"og:locale\" content=\"en_US\" \/>\n<meta property=\"og:type\" content=\"article\" \/>\n<meta property=\"og:title\" content=\"1PC Eagle Claw EDC Pocket Tool Titanium Alloy Quick-Open Folding Knife with Replaceable Blades - Samama\" \/>\n<meta property=\"og:description\" content=\"Electric:&nbsp;No High-concerned chemical:&nbsp;None Size:&nbsp;M Type:&nbsp;Pocket, Multi Tools Origin:&nbsp;Mainland China Debido a restricciones de entrega de mensajer\u00eda, las hojas se clasifican [&hellip;]\" \/>\n<meta property=\"og:url\" content=\"https:\/\/samama.qa\/en\/product\/1pc-eagle-claw-edc-pocket-tool-titanium-alloy-quick-open-folding-knife-with-replaceable-blades\/\" \/>\n<meta property=\"og:site_name\" content=\"Samama\" \/>\n<meta property=\"article:publisher\" content=\"https:\/\/www.facebook.com\/profile.php?id=61581991096477\" \/>\n<meta property=\"article:modified_time\" content=\"2026-02-20T22:17:01+00:00\" \/>\n<meta property=\"og:image\" content=\"https:\/\/samama.qa\/wp-content\/uploads\/2026\/02\/kf-S386f5adf62f248498a950dd34683a7269.webp\" \/>\n\t<meta property=\"og:image:width\" content=\"1100\" \/>\n\t<meta property=\"og:image:height\" content=\"1100\" \/>\n\t<meta property=\"og:image:type\" content=\"image\/webp\" \/>\n<meta name=\"twitter:card\" content=\"summary_large_image\" \/>\n<script type=\"application\/ld+json\" class=\"yoast-schema-graph\">{\"@context\":\"https:\\\/\\\/schema.org\",\"@graph\":[{\"@type\":\"WebPage\",\"@id\":\"https:\\\/\\\/samama.qa\\\/product\\\/1pc-eagle-claw-edc-pocket-tool-titanium-alloy-quick-open-folding-knife-with-replaceable-blades\\\/\",\"url\":\"https:\\\/\\\/samama.qa\\\/product\\\/1pc-eagle-claw-edc-pocket-tool-titanium-alloy-quick-open-folding-knife-with-replaceable-blades\\\/\",\"name\":\"1PC Eagle Claw EDC Pocket Tool Titanium Alloy Quick-Open Folding Knife with Replaceable Blades - Samama\",\"isPartOf\":{\"@id\":\"https:\\\/\\\/samama.qa\\\/#website\"},\"primaryImageOfPage\":{\"@id\":\"https:\\\/\\\/samama.qa\\\/product\\\/1pc-eagle-claw-edc-pocket-tool-titanium-alloy-quick-open-folding-knife-with-replaceable-blades\\\/#primaryimage\"},\"image\":{\"@id\":\"https:\\\/\\\/samama.qa\\\/product\\\/1pc-eagle-claw-edc-pocket-tool-titanium-alloy-quick-open-folding-knife-with-replaceable-blades\\\/#primaryimage\"},\"thumbnailUrl\":\"https:\\\/\\\/samama.qa\\\/wp-content\\\/uploads\\\/2026\\\/02\\\/kf-S386f5adf62f248498a950dd34683a7269.webp\",\"datePublished\":\"2026-02-19T21:46:08+00:00\",\"dateModified\":\"2026-02-20T22:17:01+00:00\",\"breadcrumb\":{\"@id\":\"https:\\\/\\\/samama.qa\\\/product\\\/1pc-eagle-claw-edc-pocket-tool-titanium-alloy-quick-open-folding-knife-with-replaceable-blades\\\/#breadcrumb\"},\"inLanguage\":\"en-US\",\"potentialAction\":[{\"@type\":\"ReadAction\",\"target\":[\"https:\\\/\\\/samama.qa\\\/product\\\/1pc-eagle-claw-edc-pocket-tool-titanium-alloy-quick-open-folding-knife-with-replaceable-blades\\\/\"]}]},{\"@type\":\"ImageObject\",\"inLanguage\":\"en-US\",\"@id\":\"https:\\\/\\\/samama.qa\\\/product\\\/1pc-eagle-claw-edc-pocket-tool-titanium-alloy-quick-open-folding-knife-with-replaceable-blades\\\/#primaryimage\",\"url\":\"https:\\\/\\\/samama.qa\\\/wp-content\\\/uploads\\\/2026\\\/02\\\/kf-S386f5adf62f248498a950dd34683a7269.webp\",\"contentUrl\":\"https:\\\/\\\/samama.qa\\\/wp-content\\\/uploads\\\/2026\\\/02\\\/kf-S386f5adf62f248498a950dd34683a7269.webp\",\"width\":1100,\"height\":1100},{\"@type\":\"BreadcrumbList\",\"@id\":\"https:\\\/\\\/samama.qa\\\/product\\\/1pc-eagle-claw-edc-pocket-tool-titanium-alloy-quick-open-folding-knife-with-replaceable-blades\\\/#breadcrumb\",\"itemListElement\":[{\"@type\":\"ListItem\",\"position\":1,\"name\":\"Home\",\"item\":\"https:\\\/\\\/samama.qa\\\/\"},{\"@type\":\"ListItem\",\"position\":2,\"name\":\"\u0627\u0644\u0645\u062a\u062c\u0631\",\"item\":\"https:\\\/\\\/samama.qa\\\/en\\\/shop\\\/\"},{\"@type\":\"ListItem\",\"position\":3,\"name\":\"1PC Eagle Claw EDC Pocket Tool Titanium Alloy Quick-Open Folding Knife with Replaceable Blades\"}]},{\"@type\":\"WebSite\",\"@id\":\"https:\\\/\\\/samama.qa\\\/#website\",\"url\":\"https:\\\/\\\/samama.qa\\\/\",\"name\":\"Samama\",\"description\":\"&quot;\u0648\u062c\u0647\u062a\u0643 \u0644\u0643\u0644 \u0645\u0627 \u064a\u0633\u0647\u0644 \u062d\u064a\u0627\u062a\u0643&quot; (Your One-Stop Shop for Life Essentials) &quot;\u0633\u0648\u0642 \u0625\u0644\u0643\u062a\u0631\u0648\u0646\u064a \u0634\u0627\u0645\u0644 \u0644\u0623\u0633\u0644\u0648\u0628 \u0627\u0644\u062d\u064a\u0627\u0629 \u0648\u0627\u0644\u0643\u0645\u0627\u0644\u064a\u0627\u062a&quot; (General Lifestyle &amp; Utility Marketplace)\",\"publisher\":{\"@id\":\"https:\\\/\\\/samama.qa\\\/#organization\"},\"potentialAction\":[{\"@type\":\"SearchAction\",\"target\":{\"@type\":\"EntryPoint\",\"urlTemplate\":\"https:\\\/\\\/samama.qa\\\/?s={search_term_string}\"},\"query-input\":{\"@type\":\"PropertyValueSpecification\",\"valueRequired\":true,\"valueName\":\"search_term_string\"}}],\"inLanguage\":\"en-US\"},{\"@type\":\"Organization\",\"@id\":\"https:\\\/\\\/samama.qa\\\/#organization\",\"name\":\"Samama\",\"url\":\"https:\\\/\\\/samama.qa\\\/\",\"logo\":{\"@type\":\"ImageObject\",\"inLanguage\":\"en-US\",\"@id\":\"https:\\\/\\\/samama.qa\\\/#\\\/schema\\\/logo\\\/image\\\/\",\"url\":\"https:\\\/\\\/samama.qa\\\/wp-content\\\/uploads\\\/2024\\\/06\\\/Samama-LogoAR.webp\",\"contentUrl\":\"https:\\\/\\\/samama.qa\\\/wp-content\\\/uploads\\\/2024\\\/06\\\/Samama-LogoAR.webp\",\"width\":1920,\"height\":480,\"caption\":\"Samama\"},\"image\":{\"@id\":\"https:\\\/\\\/samama.qa\\\/#\\\/schema\\\/logo\\\/image\\\/\"},\"sameAs\":[\"https:\\\/\\\/www.facebook.com\\\/profile.php?id=61581991096477\",\"https:\\\/\\\/www.instagram.com\\\/samama.qa\\\/\"]}]}<\/script>\n<!-- \/ Yoast SEO plugin. -->","yoast_head_json":{"title":"1PC Eagle Claw EDC Pocket Tool Titanium Alloy Quick-Open Folding Knife with Replaceable Blades - Samama","robots":{"index":"index","follow":"follow","max-snippet":"max-snippet:-1","max-image-preview":"max-image-preview:large","max-video-preview":"max-video-preview:-1"},"canonical":"https:\/\/samama.qa\/en\/product\/1pc-eagle-claw-edc-pocket-tool-titanium-alloy-quick-open-folding-knife-with-replaceable-blades\/","og_locale":"en_US","og_type":"article","og_title":"1PC Eagle Claw EDC Pocket Tool Titanium Alloy Quick-Open Folding Knife with Replaceable Blades - Samama","og_description":"Electric:&nbsp;No High-concerned chemical:&nbsp;None Size:&nbsp;M Type:&nbsp;Pocket, Multi Tools Origin:&nbsp;Mainland China Debido a restricciones de entrega de mensajer\u00eda, las hojas se clasifican [&hellip;]","og_url":"https:\/\/samama.qa\/en\/product\/1pc-eagle-claw-edc-pocket-tool-titanium-alloy-quick-open-folding-knife-with-replaceable-blades\/","og_site_name":"Samama","article_publisher":"https:\/\/www.facebook.com\/profile.php?id=61581991096477","article_modified_time":"2026-02-20T22:17:01+00:00","og_image":[{"width":1100,"height":1100,"url":"https:\/\/samama.qa\/wp-content\/uploads\/2026\/02\/kf-S386f5adf62f248498a950dd34683a7269.webp","type":"image\/webp"}],"twitter_card":"summary_large_image","schema":{"@context":"https:\/\/schema.org","@graph":[{"@type":"WebPage","@id":"https:\/\/samama.qa\/product\/1pc-eagle-claw-edc-pocket-tool-titanium-alloy-quick-open-folding-knife-with-replaceable-blades\/","url":"https:\/\/samama.qa\/product\/1pc-eagle-claw-edc-pocket-tool-titanium-alloy-quick-open-folding-knife-with-replaceable-blades\/","name":"1PC Eagle Claw EDC Pocket Tool Titanium Alloy Quick-Open Folding Knife with Replaceable Blades - Samama","isPartOf":{"@id":"https:\/\/samama.qa\/#website"},"primaryImageOfPage":{"@id":"https:\/\/samama.qa\/product\/1pc-eagle-claw-edc-pocket-tool-titanium-alloy-quick-open-folding-knife-with-replaceable-blades\/#primaryimage"},"image":{"@id":"https:\/\/samama.qa\/product\/1pc-eagle-claw-edc-pocket-tool-titanium-alloy-quick-open-folding-knife-with-replaceable-blades\/#primaryimage"},"thumbnailUrl":"https:\/\/samama.qa\/wp-content\/uploads\/2026\/02\/kf-S386f5adf62f248498a950dd34683a7269.webp","datePublished":"2026-02-19T21:46:08+00:00","dateModified":"2026-02-20T22:17:01+00:00","breadcrumb":{"@id":"https:\/\/samama.qa\/product\/1pc-eagle-claw-edc-pocket-tool-titanium-alloy-quick-open-folding-knife-with-replaceable-blades\/#breadcrumb"},"inLanguage":"en-US","potentialAction":[{"@type":"ReadAction","target":["https:\/\/samama.qa\/product\/1pc-eagle-claw-edc-pocket-tool-titanium-alloy-quick-open-folding-knife-with-replaceable-blades\/"]}]},{"@type":"ImageObject","inLanguage":"en-US","@id":"https:\/\/samama.qa\/product\/1pc-eagle-claw-edc-pocket-tool-titanium-alloy-quick-open-folding-knife-with-replaceable-blades\/#primaryimage","url":"https:\/\/samama.qa\/wp-content\/uploads\/2026\/02\/kf-S386f5adf62f248498a950dd34683a7269.webp","contentUrl":"https:\/\/samama.qa\/wp-content\/uploads\/2026\/02\/kf-S386f5adf62f248498a950dd34683a7269.webp","width":1100,"height":1100},{"@type":"BreadcrumbList","@id":"https:\/\/samama.qa\/product\/1pc-eagle-claw-edc-pocket-tool-titanium-alloy-quick-open-folding-knife-with-replaceable-blades\/#breadcrumb","itemListElement":[{"@type":"ListItem","position":1,"name":"Home","item":"https:\/\/samama.qa\/"},{"@type":"ListItem","position":2,"name":"\u0627\u0644\u0645\u062a\u062c\u0631","item":"https:\/\/samama.qa\/en\/shop\/"},{"@type":"ListItem","position":3,"name":"1PC Eagle Claw EDC Pocket Tool Titanium Alloy Quick-Open Folding Knife with Replaceable Blades"}]},{"@type":"WebSite","@id":"https:\/\/samama.qa\/#website","url":"https:\/\/samama.qa\/","name":"Samama","description":"&quot;\u0648\u062c\u0647\u062a\u0643 \u0644\u0643\u0644 \u0645\u0627 \u064a\u0633\u0647\u0644 \u062d\u064a\u0627\u062a\u0643&quot; (Your One-Stop Shop for Life Essentials) &quot;\u0633\u0648\u0642 \u0625\u0644\u0643\u062a\u0631\u0648\u0646\u064a \u0634\u0627\u0645\u0644 \u0644\u0623\u0633\u0644\u0648\u0628 \u0627\u0644\u062d\u064a\u0627\u0629 \u0648\u0627\u0644\u0643\u0645\u0627\u0644\u064a\u0627\u062a&quot; (General Lifestyle &amp; Utility Marketplace)","publisher":{"@id":"https:\/\/samama.qa\/#organization"},"potentialAction":[{"@type":"SearchAction","target":{"@type":"EntryPoint","urlTemplate":"https:\/\/samama.qa\/?s={search_term_string}"},"query-input":{"@type":"PropertyValueSpecification","valueRequired":true,"valueName":"search_term_string"}}],"inLanguage":"en-US"},{"@type":"Organization","@id":"https:\/\/samama.qa\/#organization","name":"Samama","url":"https:\/\/samama.qa\/","logo":{"@type":"ImageObject","inLanguage":"en-US","@id":"https:\/\/samama.qa\/#\/schema\/logo\/image\/","url":"https:\/\/samama.qa\/wp-content\/uploads\/2024\/06\/Samama-LogoAR.webp","contentUrl":"https:\/\/samama.qa\/wp-content\/uploads\/2024\/06\/Samama-LogoAR.webp","width":1920,"height":480,"caption":"Samama"},"image":{"@id":"https:\/\/samama.qa\/#\/schema\/logo\/image\/"},"sameAs":["https:\/\/www.facebook.com\/profile.php?id=61581991096477","https:\/\/www.instagram.com\/samama.qa\/"]}]}},"jetpack_sharing_enabled":true,"_links":{"self":[{"href":"https:\/\/samama.qa\/en\/wp-json\/wp\/v2\/product\/206236","targetHints":{"allow":["GET"]}}],"collection":[{"href":"https:\/\/samama.qa\/en\/wp-json\/wp\/v2\/product"}],"about":[{"href":"https:\/\/samama.qa\/en\/wp-json\/wp\/v2\/types\/product"}],"replies":[{"embeddable":true,"href":"https:\/\/samama.qa\/en\/wp-json\/wp\/v2\/comments?post=206236"}],"version-history":[{"count":11,"href":"https:\/\/samama.qa\/en\/wp-json\/wp\/v2\/product\/206236\/revisions"}],"predecessor-version":[{"id":209833,"href":"https:\/\/samama.qa\/en\/wp-json\/wp\/v2\/product\/206236\/revisions\/209833"}],"wp:featuredmedia":[{"embeddable":true,"href":"https:\/\/samama.qa\/en\/wp-json\/wp\/v2\/media\/206239"}],"wp:attachment":[{"href":"https:\/\/samama.qa\/en\/wp-json\/wp\/v2\/media?parent=206236"}],"wp:term":[{"taxonomy":"product_brand","embeddable":true,"href":"https:\/\/samama.qa\/en\/wp-json\/wp\/v2\/product_brand?post=206236"},{"taxonomy":"product_cat","embeddable":true,"href":"https:\/\/samama.qa\/en\/wp-json\/wp\/v2\/product_cat?post=206236"},{"taxonomy":"product_tag","embeddable":true,"href":"https:\/\/samama.qa\/en\/wp-json\/wp\/v2\/product_tag?post=206236"}],"curies":[{"name":"wp","href":"https:\/\/api.w.org\/{rel}","templated":true}]}}