{"id":213143,"date":"2026-02-20T15:54:07","date_gmt":"2026-02-20T12:54:07","guid":{"rendered":"https:\/\/samama.qa\/?post_type=product&#038;p=213143"},"modified":"2026-02-21T00:05:00","modified_gmt":"2026-02-20T21:05:00","slug":"feelworld-uhd4k12x-ptz-camera-sdi-hdmi-usb-ip-12x-optical-zoom-4k-30fps-for-video-conference-broadcast-live-streaming-education","status":"publish","type":"product","link":"https:\/\/samama.qa\/en\/product\/feelworld-uhd4k12x-ptz-camera-sdi-hdmi-usb-ip-12x-optical-zoom-4k-30fps-for-video-conference-broadcast-live-streaming-education\/","title":{"rendered":"FEELWORLD UHD4K12X PTZ Camera SDI HDMI USB IP 12X Optical Zoom 4K 30FPS For Video Conference Broadcast Live Streaming Education"},"content":{"rendered":"<div class=\"product-specs-list-container\">\n<ul class=\"product-specs-list util-clearfix\">\n<li class=\"product-prop line-limit-length\"><span class=\"property-title\">High-concerned chemical:&nbsp;<\/span><span class=\"property-desc line-limit-length\">None<\/span>\n                            <\/li>\n<li class=\"product-prop line-limit-length\"><span class=\"property-title\">Electric:&nbsp;<\/span><span class=\"property-desc line-limit-length\">No<\/span>\n                            <\/li>\n<li class=\"product-prop line-limit-length\"><span class=\"property-title\">Photography Accessories Type:&nbsp;<\/span><span class=\"property-desc line-limit-length\">Photography Kits<\/span>\n                            <\/li>\n<li class=\"product-prop line-limit-length\"><span class=\"property-title\">Model Number:&nbsp;<\/span><span class=\"property-desc line-limit-length\">UHD4K12X<\/span>\n                            <\/li>\n<li class=\"product-prop line-limit-length\"><span class=\"property-title\">Package:&nbsp;<\/span><span class=\"property-desc line-limit-length\">Yes<\/span>\n                            <\/li>\n<li class=\"product-prop line-limit-length\"><span class=\"property-title\">Origin:&nbsp;<\/span><span class=\"property-desc line-limit-length\">Mainland China<\/span>\n                            <\/li>\n<li class=\"product-prop line-limit-length\"><span class=\"property-title\">Brand Name:&nbsp;<\/span><span class=\"property-desc line-limit-length\">FEELWORLD<\/span>\n                            <\/li>\n<\/ul><\/div>\n<div class=\"detailmodule_html\">\n<div class=\"detail-desc-decorate-richtext\">\n<p style=\"font-size:14px;font-weight:400;letter-spacing:normal;line-height:inherit;text-align:start;white-space:normal;margin:0px;margin-bottom:0px;margin-top:0px;margin-left:0px;margin-right:0px\" align=\"start\"><img decoding=\"async\" src=\"https:\/\/samama.qa\/wp-content\/uploads\/2026\/02\/kf-S513f5ffc29bc49cfb4e4503bc5fe4ca8A.webp\" \/><img decoding=\"async\" src=\"https:\/\/samama.qa\/wp-content\/uploads\/2026\/02\/kf-S16cdbfa5143d44fbb45f5bb7ba185d36A.webp\" \/><img decoding=\"async\" src=\"https:\/\/samama.qa\/wp-content\/uploads\/2026\/02\/kf-S0eb35bc6cb73494fa5bab90627d727658.webp\" \/><img decoding=\"async\" style=\"max-width:100%\" src=\"https:\/\/samama.qa\/wp-content\/uploads\/2026\/02\/kf-S33c081a452044a57a2c13884171ac344E.webp\" \/><img decoding=\"async\" style=\"max-width:100%\" src=\"https:\/\/samama.qa\/wp-content\/uploads\/2026\/02\/kf-S83645ccee7d445a5a63a338b94bd4605s.webp\" \/><img decoding=\"async\" style=\"max-width:100%\" src=\"https:\/\/samama.qa\/wp-content\/uploads\/2026\/02\/kf-S36dd6a8e52674f16954f3a93039a8e34c.webp\" \/><img decoding=\"async\" style=\"max-width:100%\" src=\"https:\/\/samama.qa\/wp-content\/uploads\/2026\/02\/kf-Sb1af8e1a379a406ba470c2df3a4f3ab0I.webp\" \/><img decoding=\"async\" style=\"max-width:100%\" src=\"https:\/\/samama.qa\/wp-content\/uploads\/2026\/02\/kf-S44247ef2ddde4ea898284a6060a9620eV.webp\" \/><img decoding=\"async\" style=\"max-width:100%\" src=\"https:\/\/samama.qa\/wp-content\/uploads\/2026\/02\/kf-Sb5181b6bfa7043558d1e12c8c0354430L.webp\" \/><img decoding=\"async\" style=\"max-width:100%\" src=\"https:\/\/samama.qa\/wp-content\/uploads\/2026\/02\/kf-S7964a8e5ab6b4559ba867a9734308ef6j.webp\" \/><img decoding=\"async\" style=\"max-width:100%\" src=\"https:\/\/samama.qa\/wp-content\/uploads\/2026\/02\/kf-S299d95d2225044148ad8defc038052ff2.webp\" \/><\/p>\n<ul style=\"font-size:14px;font-weight:400;letter-spacing:normal;text-align:start;white-space:normal;margin:0px 0px 0px 18px;margin-bottom:0px;margin-top:0px;margin-left:18px;margin-right:0px;padding:0px;padding-bottom:0px;padding-top:0px;padding-left:0px;padding-right:0px\" class=\"a-unordered-list a-vertical a-spacing-mini\">\n<li style=\"margin:0px;margin-bottom:0px;margin-top:0px;margin-left:0px;margin-right:0px\" class=\"a-spacing-mini\">\n<p style=\"line-height:inherit;margin:0px;margin-bottom:0px;margin-top:0px;margin-left:0px;margin-right:0px\"><span class=\"a-list-item\">\u30104K and 12X Zoom\u30114K ultra high-definition 30fps resolution, and with 8 bit color depth, good color reproduction. 12x optical zoom lens and 70.9\u00b0wide angle lens, clearly capture the image.<\/span><\/p>\n<\/li>\n<li style=\"margin:0px;margin-bottom:0px;margin-top:0px;margin-left:0px;margin-right:0px\" class=\"a-spacing-mini\">\n<p style=\"line-height:inherit;margin:0px;margin-bottom:0px;margin-top:0px;margin-left:0px;margin-right:0px\"><span class=\"a-list-item\">\u3010AI Auto Tracking\u3011Has real-time tracking and zone tracking function, easily capture every moment. Auto focus, take close-ups on characters, details, smart frame capture everyone.<\/span><\/p>\n<\/li>\n<li style=\"margin:0px;margin-bottom:0px;margin-top:0px;margin-left:0px;margin-right:0px\" class=\"a-spacing-mini\">\n<p style=\"line-height:inherit;margin:0px;margin-bottom:0px;margin-top:0px;margin-left:0px;margin-right:0px\"><span class=\"a-list-item\">\u3010Multiple Video Outputs\u3011Network output supports 4K signal format. Simultaneous HDMI, 3G-SDI, USB3.0and IP streaming video output and multiple network protocol, stream to your favorite platforms.<\/span><\/p>\n<\/li>\n<li style=\"margin:0px;margin-bottom:0px;margin-top:0px;margin-left:0px;margin-right:0px\" class=\"a-spacing-mini\">\n<p style=\"line-height:inherit;margin:0px;margin-bottom:0px;margin-top:0px;margin-left:0px;margin-right:0px\"><span class=\"a-list-item\">\u3010Up to 255 Preset Positions\u3011PoE support. 10 preset positions by IR remote controller,that can save pan, tilt, and zoom settings, and smoothly transitions between them at the touch of a button. Up to 255 preset positions via network control or keyboard controller.<\/span><\/p>\n<\/li>\n<li style=\"margin:0px;margin-bottom:0px;margin-top:0px;margin-left:0px;margin-right:0px\" class=\"a-spacing-mini\">\n<p style=\"line-height:inherit;margin:0px;margin-bottom:0px;margin-top:0px;margin-left:0px;margin-right:0px\"><span class=\"a-list-item\">\u3010Multi Control Ways\u3011Can use hand-held remote, remote location with network control, FEELWORLD L2 PLUS video switcher or FEELWORLD KBC10 keyboard controller to control. \u3010Package Include\u30111\u00d7 PTZ Camera, 1\u00d7 Remote Control, 1\u00d7 USB3.0 Cable, 1\u00d7 RS232 Control Cable, 1\u00d7 RS422 Terminal Block, 1\u00d7 Power Adapter, 1\u00d7 Manual<\/span><\/p>\n<\/li>\n<\/ul>\n<p><\/div>\n<\/div>\n<p><\/p>","protected":false},"excerpt":{"rendered":"<p>High-concerned chemical:&nbsp;None Electric:&nbsp;No Photography Accessories Type:&nbsp;Photography Kits Model Number:&nbsp;UHD4K12X Package:&nbsp;Yes Origin:&nbsp;Mainland China Brand Name:&nbsp;FEELWORLD \u30104K and 12X Zoom\u30114K ultra high-definition [&hellip;]<\/p>\n","protected":false},"featured_media":213144,"comment_status":"open","ping_status":"closed","template":"","meta":{"_acf_changed":false,"site-sidebar-layout":"default","site-content-layout":"","ast-site-content-layout":"default","site-content-style":"default","site-sidebar-style":"default","ast-global-header-display":"","ast-banner-title-visibility":"","ast-main-header-display":"","ast-hfb-above-header-display":"","ast-hfb-below-header-display":"","ast-hfb-mobile-header-display":"","site-post-title":"","ast-breadcrumbs-content":"","ast-featured-img":"","footer-sml-layout":"","ast-disable-related-posts":"","theme-transparent-header-meta":"","adv-header-id-meta":"","stick-header-meta":"","header-above-stick-meta":"","header-main-stick-meta":"","header-below-stick-meta":"","astra-migrate-meta-layouts":"default","ast-page-background-enabled":"default","ast-page-background-meta":{"desktop":{"background-color":"var(--ast-global-color-4)","background-image":"","background-repeat":"repeat","background-position":"center center","background-size":"auto","background-attachment":"scroll","background-type":"","background-media":"","overlay-type":"","overlay-color":"","overlay-opacity":"","overlay-gradient":""},"tablet":{"background-color":"","background-image":"","background-repeat":"repeat","background-position":"center center","background-size":"auto","background-attachment":"scroll","background-type":"","background-media":"","overlay-type":"","overlay-color":"","overlay-opacity":"","overlay-gradient":""},"mobile":{"background-color":"","background-image":"","background-repeat":"repeat","background-position":"center center","background-size":"auto","background-attachment":"scroll","background-type":"","background-media":"","overlay-type":"","overlay-color":"","overlay-opacity":"","overlay-gradient":""}},"ast-content-background-meta":{"desktop":{"background-color":"var(--ast-global-color-5)","background-image":"","background-repeat":"repeat","background-position":"center center","background-size":"auto","background-attachment":"scroll","background-type":"","background-media":"","overlay-type":"","overlay-color":"","overlay-opacity":"","overlay-gradient":""},"tablet":{"background-color":"var(--ast-global-color-5)","background-image":"","background-repeat":"repeat","background-position":"center center","background-size":"auto","background-attachment":"scroll","background-type":"","background-media":"","overlay-type":"","overlay-color":"","overlay-opacity":"","overlay-gradient":""},"mobile":{"background-color":"var(--ast-global-color-5)","background-image":"","background-repeat":"repeat","background-position":"center center","background-size":"auto","background-attachment":"scroll","background-type":"","background-media":"","overlay-type":"","overlay-color":"","overlay-opacity":"","overlay-gradient":""}}},"product_brand":[],"product_cat":[38568],"product_tag":[],"class_list":{"0":"post-213143","1":"product","2":"type-product","3":"status-publish","4":"has-post-thumbnail","6":"product_cat-uncategorized","7":"product_shipping_class-from-china","8":"desktop-align-left","9":"tablet-align-left","10":"mobile-align-left","12":"first","13":"instock","14":"taxable","15":"shipping-taxable","16":"purchasable","17":"product-type-simple"},"acf":[],"pure_taxonomies":{"product_cat":[{"term_id":38568,"name":"\u063a\u064a\u0631 \u0645\u0635\u0646\u0641","slug":"uncategorized","term_group":0,"term_taxonomy_id":38568,"taxonomy":"product_cat","description":"","parent":0,"count":2283,"filter":"raw","image":""}],"product_shipping_class":[{"term_id":30566,"name":"From China","slug":"from-china","term_group":0,"term_taxonomy_id":30566,"taxonomy":"product_shipping_class","description":"Orders from China","parent":0,"count":4261,"filter":"raw","image":""}]},"yoast_head":"<!-- This site is optimized with the Yoast SEO plugin v27.4 - https:\/\/yoast.com\/product\/yoast-seo-wordpress\/ -->\n<title>FEELWORLD UHD4K12X PTZ Camera SDI HDMI USB IP 12X Optical Zoom 4K 30FPS For Video Conference Broadcast Live Streaming Education - Samama<\/title>\n<meta name=\"robots\" content=\"index, follow, max-snippet:-1, max-image-preview:large, max-video-preview:-1\" \/>\n<link rel=\"canonical\" href=\"https:\/\/samama.qa\/en\/product\/feelworld-uhd4k12x-ptz-camera-sdi-hdmi-usb-ip-12x-optical-zoom-4k-30fps-for-video-conference-broadcast-live-streaming-education\/\" \/>\n<meta property=\"og:locale\" content=\"en_US\" \/>\n<meta property=\"og:type\" content=\"article\" \/>\n<meta property=\"og:title\" content=\"FEELWORLD UHD4K12X PTZ Camera SDI HDMI USB IP 12X Optical Zoom 4K 30FPS For Video Conference Broadcast Live Streaming Education - Samama\" \/>\n<meta property=\"og:description\" content=\"High-concerned chemical:&nbsp;None Electric:&nbsp;No Photography Accessories Type:&nbsp;Photography Kits Model Number:&nbsp;UHD4K12X Package:&nbsp;Yes Origin:&nbsp;Mainland China Brand Name:&nbsp;FEELWORLD \u30104K and 12X Zoom\u30114K ultra high-definition [&hellip;]\" \/>\n<meta property=\"og:url\" content=\"https:\/\/samama.qa\/en\/product\/feelworld-uhd4k12x-ptz-camera-sdi-hdmi-usb-ip-12x-optical-zoom-4k-30fps-for-video-conference-broadcast-live-streaming-education\/\" \/>\n<meta property=\"og:site_name\" content=\"Samama\" \/>\n<meta property=\"article:publisher\" content=\"https:\/\/www.facebook.com\/profile.php?id=61581991096477\" \/>\n<meta property=\"article:modified_time\" content=\"2026-02-20T21:05:00+00:00\" \/>\n<meta property=\"og:image\" content=\"https:\/\/samama.qa\/wp-content\/uploads\/2026\/02\/kf-S99fbe382ca86443db7e11dbfbb9b0645T.webp\" \/>\n\t<meta property=\"og:image:width\" content=\"1500\" \/>\n\t<meta property=\"og:image:height\" content=\"1500\" \/>\n\t<meta property=\"og:image:type\" content=\"image\/webp\" \/>\n<meta name=\"twitter:card\" content=\"summary_large_image\" \/>\n<meta name=\"twitter:label1\" content=\"Est. reading time\" \/>\n\t<meta name=\"twitter:data1\" content=\"1 minute\" \/>\n<script type=\"application\/ld+json\" class=\"yoast-schema-graph\">{\"@context\":\"https:\\\/\\\/schema.org\",\"@graph\":[{\"@type\":\"WebPage\",\"@id\":\"https:\\\/\\\/samama.qa\\\/product\\\/feelworld-uhd4k12x-ptz-camera-sdi-hdmi-usb-ip-12x-optical-zoom-4k-30fps-for-video-conference-broadcast-live-streaming-education\\\/\",\"url\":\"https:\\\/\\\/samama.qa\\\/product\\\/feelworld-uhd4k12x-ptz-camera-sdi-hdmi-usb-ip-12x-optical-zoom-4k-30fps-for-video-conference-broadcast-live-streaming-education\\\/\",\"name\":\"FEELWORLD UHD4K12X PTZ Camera SDI HDMI USB IP 12X Optical Zoom 4K 30FPS For Video Conference Broadcast Live Streaming Education - Samama\",\"isPartOf\":{\"@id\":\"https:\\\/\\\/samama.qa\\\/#website\"},\"primaryImageOfPage\":{\"@id\":\"https:\\\/\\\/samama.qa\\\/product\\\/feelworld-uhd4k12x-ptz-camera-sdi-hdmi-usb-ip-12x-optical-zoom-4k-30fps-for-video-conference-broadcast-live-streaming-education\\\/#primaryimage\"},\"image\":{\"@id\":\"https:\\\/\\\/samama.qa\\\/product\\\/feelworld-uhd4k12x-ptz-camera-sdi-hdmi-usb-ip-12x-optical-zoom-4k-30fps-for-video-conference-broadcast-live-streaming-education\\\/#primaryimage\"},\"thumbnailUrl\":\"https:\\\/\\\/samama.qa\\\/wp-content\\\/uploads\\\/2026\\\/02\\\/kf-S99fbe382ca86443db7e11dbfbb9b0645T.webp\",\"datePublished\":\"2026-02-20T12:54:07+00:00\",\"dateModified\":\"2026-02-20T21:05:00+00:00\",\"breadcrumb\":{\"@id\":\"https:\\\/\\\/samama.qa\\\/product\\\/feelworld-uhd4k12x-ptz-camera-sdi-hdmi-usb-ip-12x-optical-zoom-4k-30fps-for-video-conference-broadcast-live-streaming-education\\\/#breadcrumb\"},\"inLanguage\":\"en-US\",\"potentialAction\":[{\"@type\":\"ReadAction\",\"target\":[\"https:\\\/\\\/samama.qa\\\/product\\\/feelworld-uhd4k12x-ptz-camera-sdi-hdmi-usb-ip-12x-optical-zoom-4k-30fps-for-video-conference-broadcast-live-streaming-education\\\/\"]}]},{\"@type\":\"ImageObject\",\"inLanguage\":\"en-US\",\"@id\":\"https:\\\/\\\/samama.qa\\\/product\\\/feelworld-uhd4k12x-ptz-camera-sdi-hdmi-usb-ip-12x-optical-zoom-4k-30fps-for-video-conference-broadcast-live-streaming-education\\\/#primaryimage\",\"url\":\"https:\\\/\\\/samama.qa\\\/wp-content\\\/uploads\\\/2026\\\/02\\\/kf-S99fbe382ca86443db7e11dbfbb9b0645T.webp\",\"contentUrl\":\"https:\\\/\\\/samama.qa\\\/wp-content\\\/uploads\\\/2026\\\/02\\\/kf-S99fbe382ca86443db7e11dbfbb9b0645T.webp\",\"width\":1500,\"height\":1500},{\"@type\":\"BreadcrumbList\",\"@id\":\"https:\\\/\\\/samama.qa\\\/product\\\/feelworld-uhd4k12x-ptz-camera-sdi-hdmi-usb-ip-12x-optical-zoom-4k-30fps-for-video-conference-broadcast-live-streaming-education\\\/#breadcrumb\",\"itemListElement\":[{\"@type\":\"ListItem\",\"position\":1,\"name\":\"Home\",\"item\":\"https:\\\/\\\/samama.qa\\\/\"},{\"@type\":\"ListItem\",\"position\":2,\"name\":\"\u0627\u0644\u0645\u062a\u062c\u0631\",\"item\":\"https:\\\/\\\/samama.qa\\\/en\\\/shop\\\/\"},{\"@type\":\"ListItem\",\"position\":3,\"name\":\"FEELWORLD UHD4K12X PTZ Camera SDI HDMI USB IP 12X Optical Zoom 4K 30FPS For Video Conference Broadcast Live Streaming Education\"}]},{\"@type\":\"WebSite\",\"@id\":\"https:\\\/\\\/samama.qa\\\/#website\",\"url\":\"https:\\\/\\\/samama.qa\\\/\",\"name\":\"Samama\",\"description\":\"&quot;\u0648\u062c\u0647\u062a\u0643 \u0644\u0643\u0644 \u0645\u0627 \u064a\u0633\u0647\u0644 \u062d\u064a\u0627\u062a\u0643&quot; (Your One-Stop Shop for Life Essentials) &quot;\u0633\u0648\u0642 \u0625\u0644\u0643\u062a\u0631\u0648\u0646\u064a \u0634\u0627\u0645\u0644 \u0644\u0623\u0633\u0644\u0648\u0628 \u0627\u0644\u062d\u064a\u0627\u0629 \u0648\u0627\u0644\u0643\u0645\u0627\u0644\u064a\u0627\u062a&quot; (General Lifestyle &amp; Utility Marketplace)\",\"publisher\":{\"@id\":\"https:\\\/\\\/samama.qa\\\/#organization\"},\"potentialAction\":[{\"@type\":\"SearchAction\",\"target\":{\"@type\":\"EntryPoint\",\"urlTemplate\":\"https:\\\/\\\/samama.qa\\\/?s={search_term_string}\"},\"query-input\":{\"@type\":\"PropertyValueSpecification\",\"valueRequired\":true,\"valueName\":\"search_term_string\"}}],\"inLanguage\":\"en-US\"},{\"@type\":\"Organization\",\"@id\":\"https:\\\/\\\/samama.qa\\\/#organization\",\"name\":\"Samama\",\"url\":\"https:\\\/\\\/samama.qa\\\/\",\"logo\":{\"@type\":\"ImageObject\",\"inLanguage\":\"en-US\",\"@id\":\"https:\\\/\\\/samama.qa\\\/#\\\/schema\\\/logo\\\/image\\\/\",\"url\":\"https:\\\/\\\/samama.qa\\\/wp-content\\\/uploads\\\/2024\\\/06\\\/Samama-LogoAR.webp\",\"contentUrl\":\"https:\\\/\\\/samama.qa\\\/wp-content\\\/uploads\\\/2024\\\/06\\\/Samama-LogoAR.webp\",\"width\":1920,\"height\":480,\"caption\":\"Samama\"},\"image\":{\"@id\":\"https:\\\/\\\/samama.qa\\\/#\\\/schema\\\/logo\\\/image\\\/\"},\"sameAs\":[\"https:\\\/\\\/www.facebook.com\\\/profile.php?id=61581991096477\",\"https:\\\/\\\/www.instagram.com\\\/samama.qa\\\/\"]}]}<\/script>\n<!-- \/ Yoast SEO plugin. -->","yoast_head_json":{"title":"FEELWORLD UHD4K12X PTZ Camera SDI HDMI USB IP 12X Optical Zoom 4K 30FPS For Video Conference Broadcast Live Streaming Education - Samama","robots":{"index":"index","follow":"follow","max-snippet":"max-snippet:-1","max-image-preview":"max-image-preview:large","max-video-preview":"max-video-preview:-1"},"canonical":"https:\/\/samama.qa\/en\/product\/feelworld-uhd4k12x-ptz-camera-sdi-hdmi-usb-ip-12x-optical-zoom-4k-30fps-for-video-conference-broadcast-live-streaming-education\/","og_locale":"en_US","og_type":"article","og_title":"FEELWORLD UHD4K12X PTZ Camera SDI HDMI USB IP 12X Optical Zoom 4K 30FPS For Video Conference Broadcast Live Streaming Education - Samama","og_description":"High-concerned chemical:&nbsp;None Electric:&nbsp;No Photography Accessories Type:&nbsp;Photography Kits Model Number:&nbsp;UHD4K12X Package:&nbsp;Yes Origin:&nbsp;Mainland China Brand Name:&nbsp;FEELWORLD \u30104K and 12X Zoom\u30114K ultra high-definition [&hellip;]","og_url":"https:\/\/samama.qa\/en\/product\/feelworld-uhd4k12x-ptz-camera-sdi-hdmi-usb-ip-12x-optical-zoom-4k-30fps-for-video-conference-broadcast-live-streaming-education\/","og_site_name":"Samama","article_publisher":"https:\/\/www.facebook.com\/profile.php?id=61581991096477","article_modified_time":"2026-02-20T21:05:00+00:00","og_image":[{"width":1500,"height":1500,"url":"https:\/\/samama.qa\/wp-content\/uploads\/2026\/02\/kf-S99fbe382ca86443db7e11dbfbb9b0645T.webp","type":"image\/webp"}],"twitter_card":"summary_large_image","twitter_misc":{"Est. reading time":"1 minute"},"schema":{"@context":"https:\/\/schema.org","@graph":[{"@type":"WebPage","@id":"https:\/\/samama.qa\/product\/feelworld-uhd4k12x-ptz-camera-sdi-hdmi-usb-ip-12x-optical-zoom-4k-30fps-for-video-conference-broadcast-live-streaming-education\/","url":"https:\/\/samama.qa\/product\/feelworld-uhd4k12x-ptz-camera-sdi-hdmi-usb-ip-12x-optical-zoom-4k-30fps-for-video-conference-broadcast-live-streaming-education\/","name":"FEELWORLD UHD4K12X PTZ Camera SDI HDMI USB IP 12X Optical Zoom 4K 30FPS For Video Conference Broadcast Live Streaming Education - Samama","isPartOf":{"@id":"https:\/\/samama.qa\/#website"},"primaryImageOfPage":{"@id":"https:\/\/samama.qa\/product\/feelworld-uhd4k12x-ptz-camera-sdi-hdmi-usb-ip-12x-optical-zoom-4k-30fps-for-video-conference-broadcast-live-streaming-education\/#primaryimage"},"image":{"@id":"https:\/\/samama.qa\/product\/feelworld-uhd4k12x-ptz-camera-sdi-hdmi-usb-ip-12x-optical-zoom-4k-30fps-for-video-conference-broadcast-live-streaming-education\/#primaryimage"},"thumbnailUrl":"https:\/\/samama.qa\/wp-content\/uploads\/2026\/02\/kf-S99fbe382ca86443db7e11dbfbb9b0645T.webp","datePublished":"2026-02-20T12:54:07+00:00","dateModified":"2026-02-20T21:05:00+00:00","breadcrumb":{"@id":"https:\/\/samama.qa\/product\/feelworld-uhd4k12x-ptz-camera-sdi-hdmi-usb-ip-12x-optical-zoom-4k-30fps-for-video-conference-broadcast-live-streaming-education\/#breadcrumb"},"inLanguage":"en-US","potentialAction":[{"@type":"ReadAction","target":["https:\/\/samama.qa\/product\/feelworld-uhd4k12x-ptz-camera-sdi-hdmi-usb-ip-12x-optical-zoom-4k-30fps-for-video-conference-broadcast-live-streaming-education\/"]}]},{"@type":"ImageObject","inLanguage":"en-US","@id":"https:\/\/samama.qa\/product\/feelworld-uhd4k12x-ptz-camera-sdi-hdmi-usb-ip-12x-optical-zoom-4k-30fps-for-video-conference-broadcast-live-streaming-education\/#primaryimage","url":"https:\/\/samama.qa\/wp-content\/uploads\/2026\/02\/kf-S99fbe382ca86443db7e11dbfbb9b0645T.webp","contentUrl":"https:\/\/samama.qa\/wp-content\/uploads\/2026\/02\/kf-S99fbe382ca86443db7e11dbfbb9b0645T.webp","width":1500,"height":1500},{"@type":"BreadcrumbList","@id":"https:\/\/samama.qa\/product\/feelworld-uhd4k12x-ptz-camera-sdi-hdmi-usb-ip-12x-optical-zoom-4k-30fps-for-video-conference-broadcast-live-streaming-education\/#breadcrumb","itemListElement":[{"@type":"ListItem","position":1,"name":"Home","item":"https:\/\/samama.qa\/"},{"@type":"ListItem","position":2,"name":"\u0627\u0644\u0645\u062a\u062c\u0631","item":"https:\/\/samama.qa\/en\/shop\/"},{"@type":"ListItem","position":3,"name":"FEELWORLD UHD4K12X PTZ Camera SDI HDMI USB IP 12X Optical Zoom 4K 30FPS For Video Conference Broadcast Live Streaming Education"}]},{"@type":"WebSite","@id":"https:\/\/samama.qa\/#website","url":"https:\/\/samama.qa\/","name":"Samama","description":"&quot;\u0648\u062c\u0647\u062a\u0643 \u0644\u0643\u0644 \u0645\u0627 \u064a\u0633\u0647\u0644 \u062d\u064a\u0627\u062a\u0643&quot; (Your One-Stop Shop for Life Essentials) &quot;\u0633\u0648\u0642 \u0625\u0644\u0643\u062a\u0631\u0648\u0646\u064a \u0634\u0627\u0645\u0644 \u0644\u0623\u0633\u0644\u0648\u0628 \u0627\u0644\u062d\u064a\u0627\u0629 \u0648\u0627\u0644\u0643\u0645\u0627\u0644\u064a\u0627\u062a&quot; (General Lifestyle &amp; Utility Marketplace)","publisher":{"@id":"https:\/\/samama.qa\/#organization"},"potentialAction":[{"@type":"SearchAction","target":{"@type":"EntryPoint","urlTemplate":"https:\/\/samama.qa\/?s={search_term_string}"},"query-input":{"@type":"PropertyValueSpecification","valueRequired":true,"valueName":"search_term_string"}}],"inLanguage":"en-US"},{"@type":"Organization","@id":"https:\/\/samama.qa\/#organization","name":"Samama","url":"https:\/\/samama.qa\/","logo":{"@type":"ImageObject","inLanguage":"en-US","@id":"https:\/\/samama.qa\/#\/schema\/logo\/image\/","url":"https:\/\/samama.qa\/wp-content\/uploads\/2024\/06\/Samama-LogoAR.webp","contentUrl":"https:\/\/samama.qa\/wp-content\/uploads\/2024\/06\/Samama-LogoAR.webp","width":1920,"height":480,"caption":"Samama"},"image":{"@id":"https:\/\/samama.qa\/#\/schema\/logo\/image\/"},"sameAs":["https:\/\/www.facebook.com\/profile.php?id=61581991096477","https:\/\/www.instagram.com\/samama.qa\/"]}]}},"jetpack_sharing_enabled":true,"_links":{"self":[{"href":"https:\/\/samama.qa\/en\/wp-json\/wp\/v2\/product\/213143","targetHints":{"allow":["GET"]}}],"collection":[{"href":"https:\/\/samama.qa\/en\/wp-json\/wp\/v2\/product"}],"about":[{"href":"https:\/\/samama.qa\/en\/wp-json\/wp\/v2\/types\/product"}],"replies":[{"embeddable":true,"href":"https:\/\/samama.qa\/en\/wp-json\/wp\/v2\/comments?post=213143"}],"version-history":[{"count":11,"href":"https:\/\/samama.qa\/en\/wp-json\/wp\/v2\/product\/213143\/revisions"}],"predecessor-version":[{"id":216883,"href":"https:\/\/samama.qa\/en\/wp-json\/wp\/v2\/product\/213143\/revisions\/216883"}],"wp:featuredmedia":[{"embeddable":true,"href":"https:\/\/samama.qa\/en\/wp-json\/wp\/v2\/media\/213144"}],"wp:attachment":[{"href":"https:\/\/samama.qa\/en\/wp-json\/wp\/v2\/media?parent=213143"}],"wp:term":[{"taxonomy":"product_brand","embeddable":true,"href":"https:\/\/samama.qa\/en\/wp-json\/wp\/v2\/product_brand?post=213143"},{"taxonomy":"product_cat","embeddable":true,"href":"https:\/\/samama.qa\/en\/wp-json\/wp\/v2\/product_cat?post=213143"},{"taxonomy":"product_tag","embeddable":true,"href":"https:\/\/samama.qa\/en\/wp-json\/wp\/v2\/product_tag?post=213143"}],"curies":[{"name":"wp","href":"https:\/\/api.w.org\/{rel}","templated":true}]}}